{"id":80,"date":"2018-02-10T12:41:56","date_gmt":"2018-02-10T12:41:56","guid":{"rendered":"http:\/\/dog-vital.com\/?page_id=80"},"modified":"2021-04-15T13:29:08","modified_gmt":"2021-04-15T13:29:08","slug":"willkommen-bei-dog-vital-com","status":"publish","type":"page","link":"https:\/\/dog-vital.com\/","title":{"rendered":"Home"},"content":{"rendered":"<h1>\u00a0<\/h1>\n<h1>Willkommen bei dog-vital.com<\/h1>\n<h3>der mobilen Hundephysiotherapie und Sporthundbetreuung<\/h3>\n<p>Die Beweglichkeit und das Wohlbefinden Ihres Hundes sind abh\u00e4ngig von einem gesunden und trainierten <img loading=\"lazy\" decoding=\"async\" class=\" wp-image-452 alignright\" src=\"http:\/\/dog-vital.com\/wp-content\/uploads\/2019\/01\/IMG_6283web-1-201x300.jpg\" alt=\"\" width=\"293\" height=\"437\" srcset=\"https:\/\/dog-vital.com\/wp-content\/uploads\/2019\/01\/IMG_6283web-1-201x300.jpg 201w, https:\/\/dog-vital.com\/wp-content\/uploads\/2019\/01\/IMG_6283web-1.jpg 669w\" sizes=\"auto, (max-width: 293px) 100vw, 293px\" \/>Bewegungsapparat, stabilen Knochen, kr\u00e4ftigen Muskeln, funktionsf\u00e4higen Nerven. Gerade bei sportlich gef\u00fchrten Hunden wird es durch die immer h\u00f6heren Erwartungen immer wichtiger dass sie neben dem eigentlichen Sport eine gute Betreuung bekommen. Aber auch alle anderen Hunde k\u00f6nnen durch\u00a0regelm\u00e4\u00dfiges Bewegungstraining und \u201ewarm up\u201c und \u201ecool down\u201c vor Anstrengungen ein\u00a0Verletzungsrisiko um ein vielfaches verringern.<\/p>\n<p>Ich freue mich, wenn ich euch und euren Hunden helfen kann und darf.<\/p>\n<p>[ga_optout]<\/p>\n<p>\u00a0<\/p>\n<p>\u00a0<\/p>\n\n\n<figure class=\"wp-block-image is-resized\"><img loading=\"lazy\" decoding=\"async\" src=\"http:\/\/dog-vital.com\/wp-content\/uploads\/2021\/04\/IMG_0641.png\" alt=\"\" class=\"wp-image-530\" width=\"306\" height=\"87\" srcset=\"https:\/\/dog-vital.com\/wp-content\/uploads\/2021\/04\/IMG_0641.png 500w, https:\/\/dog-vital.com\/wp-content\/uploads\/2021\/04\/IMG_0641-300x86.png 300w\" sizes=\"auto, (max-width: 306px) 100vw, 306px\" \/><\/figure>\n","protected":false},"excerpt":{"rendered":"<p>\u00a0 Willkommen bei dog-vital.com der mobilen Hundephysiotherapie und Sporthundbetreuung Die Beweglichkeit und das Wohlbefinden Ihres Hundes sind abh\u00e4ngig von einem gesunden und trainierten Bewegungsapparat, stabilen Knochen, kr\u00e4ftigen Muskeln, funktionsf\u00e4higen Nerven. Gerade bei sportlich gef\u00fchrten Hunden wird es durch die immer h\u00f6heren Erwartungen immer wichtiger dass sie neben dem eigentlichen Sport eine gute Betreuung bekommen. Aber <a class=\"more-link\" href=\"https:\/\/dog-vital.com\/\">Weiterlesen <i class=\"fa fa-chevron-right\"><\/i><\/a><\/p>\n","protected":false},"author":1,"featured_media":0,"parent":0,"menu_order":0,"comment_status":"closed","ping_status":"closed","template":"","meta":{"footnotes":""},"class_list":["post-80","page","type-page","status-publish","hentry"],"yoast_head":"<!-- This site is optimized with the Yoast SEO plugin v26.6 - https:\/\/yoast.com\/wordpress\/plugins\/seo\/ -->\n<title>Home - dog-vital.com<\/title>\n<meta name=\"robots\" content=\"index, follow, max-snippet:-1, max-image-preview:large, max-video-preview:-1\" \/>\n<link rel=\"canonical\" href=\"https:\/\/dog-vital.com\/\" \/>\n<meta property=\"og:locale\" content=\"de_DE\" \/>\n<meta property=\"og:type\" content=\"article\" \/>\n<meta property=\"og:title\" content=\"Home - dog-vital.com\" \/>\n<meta property=\"og:description\" content=\"\u00a0 Willkommen bei dog-vital.com der mobilen Hundephysiotherapie und Sporthundbetreuung Die Beweglichkeit und das Wohlbefinden Ihres Hundes sind abh\u00e4ngig von einem gesunden und trainierten Bewegungsapparat, stabilen Knochen, kr\u00e4ftigen Muskeln, funktionsf\u00e4higen Nerven. Gerade bei sportlich gef\u00fchrten Hunden wird es durch die immer h\u00f6heren Erwartungen immer wichtiger dass sie neben dem eigentlichen Sport eine gute Betreuung bekommen. Aber Weiterlesen\" \/>\n<meta property=\"og:url\" content=\"https:\/\/dog-vital.com\/\" \/>\n<meta property=\"og:site_name\" content=\"dog-vital.com\" \/>\n<meta property=\"article:modified_time\" content=\"2021-04-15T13:29:08+00:00\" \/>\n<meta property=\"og:image\" content=\"http:\/\/dog-vital.com\/wp-content\/uploads\/2019\/01\/IMG_6283web-1-201x300.jpg\" \/>\n<meta name=\"twitter:card\" content=\"summary_large_image\" \/>\n<script type=\"application\/ld+json\" class=\"yoast-schema-graph\">{\"@context\":\"https:\/\/schema.org\",\"@graph\":[{\"@type\":\"WebPage\",\"@id\":\"https:\/\/dog-vital.com\/\",\"url\":\"https:\/\/dog-vital.com\/\",\"name\":\"Home - dog-vital.com\",\"isPartOf\":{\"@id\":\"https:\/\/dog-vital.com\/#website\"},\"primaryImageOfPage\":{\"@id\":\"https:\/\/dog-vital.com\/#primaryimage\"},\"image\":{\"@id\":\"https:\/\/dog-vital.com\/#primaryimage\"},\"thumbnailUrl\":\"http:\/\/dog-vital.com\/wp-content\/uploads\/2019\/01\/IMG_6283web-1-201x300.jpg\",\"datePublished\":\"2018-02-10T12:41:56+00:00\",\"dateModified\":\"2021-04-15T13:29:08+00:00\",\"breadcrumb\":{\"@id\":\"https:\/\/dog-vital.com\/#breadcrumb\"},\"inLanguage\":\"de\",\"potentialAction\":[{\"@type\":\"ReadAction\",\"target\":[\"https:\/\/dog-vital.com\/\"]}]},{\"@type\":\"ImageObject\",\"inLanguage\":\"de\",\"@id\":\"https:\/\/dog-vital.com\/#primaryimage\",\"url\":\"https:\/\/dog-vital.com\/wp-content\/uploads\/2019\/01\/IMG_6283web-1.jpg\",\"contentUrl\":\"https:\/\/dog-vital.com\/wp-content\/uploads\/2019\/01\/IMG_6283web-1.jpg\",\"width\":669,\"height\":999},{\"@type\":\"BreadcrumbList\",\"@id\":\"https:\/\/dog-vital.com\/#breadcrumb\",\"itemListElement\":[{\"@type\":\"ListItem\",\"position\":1,\"name\":\"Start\",\"item\":\"https:\/\/dog-vital.com\/\"},{\"@type\":\"ListItem\",\"position\":2,\"name\":\"Home\"}]},{\"@type\":\"WebSite\",\"@id\":\"https:\/\/dog-vital.com\/#website\",\"url\":\"https:\/\/dog-vital.com\/\",\"name\":\"dog-vital.com\",\"description\":\"\",\"potentialAction\":[{\"@type\":\"SearchAction\",\"target\":{\"@type\":\"EntryPoint\",\"urlTemplate\":\"https:\/\/dog-vital.com\/?s={search_term_string}\"},\"query-input\":{\"@type\":\"PropertyValueSpecification\",\"valueRequired\":true,\"valueName\":\"search_term_string\"}}],\"inLanguage\":\"de\"}]}<\/script>\n<!-- \/ Yoast SEO plugin. -->","yoast_head_json":{"title":"Home - dog-vital.com","robots":{"index":"index","follow":"follow","max-snippet":"max-snippet:-1","max-image-preview":"max-image-preview:large","max-video-preview":"max-video-preview:-1"},"canonical":"https:\/\/dog-vital.com\/","og_locale":"de_DE","og_type":"article","og_title":"Home - dog-vital.com","og_description":"\u00a0 Willkommen bei dog-vital.com der mobilen Hundephysiotherapie und Sporthundbetreuung Die Beweglichkeit und das Wohlbefinden Ihres Hundes sind abh\u00e4ngig von einem gesunden und trainierten Bewegungsapparat, stabilen Knochen, kr\u00e4ftigen Muskeln, funktionsf\u00e4higen Nerven. Gerade bei sportlich gef\u00fchrten Hunden wird es durch die immer h\u00f6heren Erwartungen immer wichtiger dass sie neben dem eigentlichen Sport eine gute Betreuung bekommen. Aber Weiterlesen","og_url":"https:\/\/dog-vital.com\/","og_site_name":"dog-vital.com","article_modified_time":"2021-04-15T13:29:08+00:00","og_image":[{"url":"http:\/\/dog-vital.com\/wp-content\/uploads\/2019\/01\/IMG_6283web-1-201x300.jpg","type":"","width":"","height":""}],"twitter_card":"summary_large_image","schema":{"@context":"https:\/\/schema.org","@graph":[{"@type":"WebPage","@id":"https:\/\/dog-vital.com\/","url":"https:\/\/dog-vital.com\/","name":"Home - dog-vital.com","isPartOf":{"@id":"https:\/\/dog-vital.com\/#website"},"primaryImageOfPage":{"@id":"https:\/\/dog-vital.com\/#primaryimage"},"image":{"@id":"https:\/\/dog-vital.com\/#primaryimage"},"thumbnailUrl":"http:\/\/dog-vital.com\/wp-content\/uploads\/2019\/01\/IMG_6283web-1-201x300.jpg","datePublished":"2018-02-10T12:41:56+00:00","dateModified":"2021-04-15T13:29:08+00:00","breadcrumb":{"@id":"https:\/\/dog-vital.com\/#breadcrumb"},"inLanguage":"de","potentialAction":[{"@type":"ReadAction","target":["https:\/\/dog-vital.com\/"]}]},{"@type":"ImageObject","inLanguage":"de","@id":"https:\/\/dog-vital.com\/#primaryimage","url":"https:\/\/dog-vital.com\/wp-content\/uploads\/2019\/01\/IMG_6283web-1.jpg","contentUrl":"https:\/\/dog-vital.com\/wp-content\/uploads\/2019\/01\/IMG_6283web-1.jpg","width":669,"height":999},{"@type":"BreadcrumbList","@id":"https:\/\/dog-vital.com\/#breadcrumb","itemListElement":[{"@type":"ListItem","position":1,"name":"Start","item":"https:\/\/dog-vital.com\/"},{"@type":"ListItem","position":2,"name":"Home"}]},{"@type":"WebSite","@id":"https:\/\/dog-vital.com\/#website","url":"https:\/\/dog-vital.com\/","name":"dog-vital.com","description":"","potentialAction":[{"@type":"SearchAction","target":{"@type":"EntryPoint","urlTemplate":"https:\/\/dog-vital.com\/?s={search_term_string}"},"query-input":{"@type":"PropertyValueSpecification","valueRequired":true,"valueName":"search_term_string"}}],"inLanguage":"de"}]}},"_links":{"self":[{"href":"https:\/\/dog-vital.com\/index.php?rest_route=\/wp\/v2\/pages\/80","targetHints":{"allow":["GET"]}}],"collection":[{"href":"https:\/\/dog-vital.com\/index.php?rest_route=\/wp\/v2\/pages"}],"about":[{"href":"https:\/\/dog-vital.com\/index.php?rest_route=\/wp\/v2\/types\/page"}],"author":[{"embeddable":true,"href":"https:\/\/dog-vital.com\/index.php?rest_route=\/wp\/v2\/users\/1"}],"replies":[{"embeddable":true,"href":"https:\/\/dog-vital.com\/index.php?rest_route=%2Fwp%2Fv2%2Fcomments&post=80"}],"version-history":[{"count":20,"href":"https:\/\/dog-vital.com\/index.php?rest_route=\/wp\/v2\/pages\/80\/revisions"}],"predecessor-version":[{"id":532,"href":"https:\/\/dog-vital.com\/index.php?rest_route=\/wp\/v2\/pages\/80\/revisions\/532"}],"wp:attachment":[{"href":"https:\/\/dog-vital.com\/index.php?rest_route=%2Fwp%2Fv2%2Fmedia&parent=80"}],"curies":[{"name":"wp","href":"https:\/\/api.w.org\/{rel}","templated":true}]}}