{"id":56,"date":"2018-02-10T05:48:55","date_gmt":"2018-02-10T05:48:55","guid":{"rendered":"http:\/\/dog-vital.com\/?page_id=56"},"modified":"2018-08-27T19:40:00","modified_gmt":"2018-08-27T19:40:00","slug":"seminare","status":"publish","type":"page","link":"https:\/\/dog-vital.com\/?page_id=56","title":{"rendered":"Warm up &#8211; Cool down"},"content":{"rendered":"<h2><\/h2>\n<p>Durch ein sinnvolles, sportorientiertes Aufw\u00e4rmen und Abk\u00fchlen kann zum einen die Leistungsf\u00e4higkeit bzw. Leistungsbereitschaft des Sporthundes gesteigert werden, zum anderen wird eine optimale Verletzungs- und \u00dcberlastungsvorbeugung erzielt.<\/p>\n<p>Inhaltlich wird das Seminar gegliedert in einen theoretischen Teil, in dem die Grundkenntnisse der Anatomie behandelt werden, sowie das &#8222;Warm up&#8220; und &#8222;Cool down&#8220; in Theorie n\u00e4hrgebracht werden. Im Anschluss daran \u00fcbe ich gemeinsam mit ihnen an ihrem Hund die in der Theorie vermittelten \u00dcbungen, um ihnen am Ende f\u00fcr ihren pers\u00f6nlichen Alltag oder Sport ein gutes Handwerkszeug an die Hand geben zu k\u00f6nnen.<\/p>\n<h2><img loading=\"lazy\" decoding=\"async\" class=\"size-medium wp-image-253 alignright\" src=\"http:\/\/dog-vital.com\/wp-content\/uploads\/2018\/07\/DSC_5428-300x167.jpg\" alt=\"\" width=\"300\" height=\"167\" srcset=\"https:\/\/dog-vital.com\/wp-content\/uploads\/2018\/07\/DSC_5428-300x167.jpg 300w, https:\/\/dog-vital.com\/wp-content\/uploads\/2018\/07\/DSC_5428-768x426.jpg 768w, https:\/\/dog-vital.com\/wp-content\/uploads\/2018\/07\/DSC_5428-1024x569.jpg 1024w, https:\/\/dog-vital.com\/wp-content\/uploads\/2018\/07\/DSC_5428-100x55.jpg 100w, https:\/\/dog-vital.com\/wp-content\/uploads\/2018\/07\/DSC_5428-730x410.jpg 730w\" sizes=\"auto, (max-width: 300px) 100vw, 300px\" \/><\/h2>\n<p>&nbsp;<\/p>\n<p>Dar\u00fcber hinaus kann das Seminar auf Wunsch auch an ihre Bed\u00fcrfnisse angepasst werden.<\/p>\n<p><strong>Termin:<\/strong> auf Anfrage<\/p>\n<p><strong>Kosten:<\/strong> auf Anfrage<\/p>\n<p><strong>Ort:<\/strong>\u00a0Deutschland (20km um Salzgitter ohne Anfahrtkosten dar\u00fcber hinaus 0,30\u20ac pro Kilometer)<\/p>\n<p><strong>Anmeldung:<\/strong> Bei Interesse wenden Sie sich bitte an:\u00a0dog-vital.com, Kevin Kramer, Email:\u00a0info@dog-vital.com<\/p>\n<p>&nbsp;<\/p>\n<p>Impressionen einiger Seminare:<\/p>\n<p>[metaslider id=306]<\/p>\n","protected":false},"excerpt":{"rendered":"<p>Durch ein sinnvolles, sportorientiertes Aufw\u00e4rmen und Abk\u00fchlen kann zum einen die Leistungsf\u00e4higkeit bzw. Leistungsbereitschaft des Sporthundes gesteigert werden, zum anderen wird eine optimale Verletzungs- und \u00dcberlastungsvorbeugung erzielt. Inhaltlich wird das Seminar gegliedert in einen theoretischen Teil, in dem die Grundkenntnisse der Anatomie behandelt werden, sowie das &#8222;Warm up&#8220; und &#8222;Cool down&#8220; in Theorie n\u00e4hrgebracht werden. <a class=\"more-link\" href=\"https:\/\/dog-vital.com\/?page_id=56\">Weiterlesen <i class=\"fa fa-chevron-right\"><\/i><\/a><\/p>\n","protected":false},"author":1,"featured_media":0,"parent":0,"menu_order":0,"comment_status":"closed","ping_status":"closed","template":"","meta":{"footnotes":""},"class_list":["post-56","page","type-page","status-publish","hentry"],"yoast_head":"<!-- This site is optimized with the Yoast SEO plugin v26.6 - https:\/\/yoast.com\/wordpress\/plugins\/seo\/ -->\n<title>Warm up - Cool down - dog-vital.com<\/title>\n<meta name=\"robots\" content=\"index, follow, max-snippet:-1, max-image-preview:large, max-video-preview:-1\" \/>\n<link rel=\"canonical\" href=\"https:\/\/dog-vital.com\/?page_id=56\" \/>\n<meta property=\"og:locale\" content=\"de_DE\" \/>\n<meta property=\"og:type\" content=\"article\" \/>\n<meta property=\"og:title\" content=\"Warm up - Cool down - dog-vital.com\" \/>\n<meta property=\"og:description\" content=\"Durch ein sinnvolles, sportorientiertes Aufw\u00e4rmen und Abk\u00fchlen kann zum einen die Leistungsf\u00e4higkeit bzw. Leistungsbereitschaft des Sporthundes gesteigert werden, zum anderen wird eine optimale Verletzungs- und \u00dcberlastungsvorbeugung erzielt. Inhaltlich wird das Seminar gegliedert in einen theoretischen Teil, in dem die Grundkenntnisse der Anatomie behandelt werden, sowie das &#8222;Warm up&#8220; und &#8222;Cool down&#8220; in Theorie n\u00e4hrgebracht werden. Weiterlesen\" \/>\n<meta property=\"og:url\" content=\"https:\/\/dog-vital.com\/?page_id=56\" \/>\n<meta property=\"og:site_name\" content=\"dog-vital.com\" \/>\n<meta property=\"article:modified_time\" content=\"2018-08-27T19:40:00+00:00\" \/>\n<meta property=\"og:image\" content=\"http:\/\/dog-vital.com\/wp-content\/uploads\/2018\/07\/DSC_5428-300x167.jpg\" \/>\n<meta name=\"twitter:card\" content=\"summary_large_image\" \/>\n<meta name=\"twitter:label1\" content=\"Gesch\u00e4tzte Lesezeit\" \/>\n\t<meta name=\"twitter:data1\" content=\"1\u00a0Minute\" \/>\n<script type=\"application\/ld+json\" class=\"yoast-schema-graph\">{\"@context\":\"https:\/\/schema.org\",\"@graph\":[{\"@type\":\"WebPage\",\"@id\":\"https:\/\/dog-vital.com\/?page_id=56\",\"url\":\"https:\/\/dog-vital.com\/?page_id=56\",\"name\":\"Warm up - Cool down - dog-vital.com\",\"isPartOf\":{\"@id\":\"https:\/\/dog-vital.com\/#website\"},\"primaryImageOfPage\":{\"@id\":\"https:\/\/dog-vital.com\/?page_id=56#primaryimage\"},\"image\":{\"@id\":\"https:\/\/dog-vital.com\/?page_id=56#primaryimage\"},\"thumbnailUrl\":\"http:\/\/dog-vital.com\/wp-content\/uploads\/2018\/07\/DSC_5428-300x167.jpg\",\"datePublished\":\"2018-02-10T05:48:55+00:00\",\"dateModified\":\"2018-08-27T19:40:00+00:00\",\"breadcrumb\":{\"@id\":\"https:\/\/dog-vital.com\/?page_id=56#breadcrumb\"},\"inLanguage\":\"de\",\"potentialAction\":[{\"@type\":\"ReadAction\",\"target\":[\"https:\/\/dog-vital.com\/?page_id=56\"]}]},{\"@type\":\"ImageObject\",\"inLanguage\":\"de\",\"@id\":\"https:\/\/dog-vital.com\/?page_id=56#primaryimage\",\"url\":\"https:\/\/dog-vital.com\/wp-content\/uploads\/2018\/07\/DSC_5428.jpg\",\"contentUrl\":\"https:\/\/dog-vital.com\/wp-content\/uploads\/2018\/07\/DSC_5428.jpg\",\"width\":3008,\"height\":1670},{\"@type\":\"BreadcrumbList\",\"@id\":\"https:\/\/dog-vital.com\/?page_id=56#breadcrumb\",\"itemListElement\":[{\"@type\":\"ListItem\",\"position\":1,\"name\":\"Start\",\"item\":\"https:\/\/dog-vital.com\/\"},{\"@type\":\"ListItem\",\"position\":2,\"name\":\"Warm up &#8211; Cool down\"}]},{\"@type\":\"WebSite\",\"@id\":\"https:\/\/dog-vital.com\/#website\",\"url\":\"https:\/\/dog-vital.com\/\",\"name\":\"dog-vital.com\",\"description\":\"\",\"potentialAction\":[{\"@type\":\"SearchAction\",\"target\":{\"@type\":\"EntryPoint\",\"urlTemplate\":\"https:\/\/dog-vital.com\/?s={search_term_string}\"},\"query-input\":{\"@type\":\"PropertyValueSpecification\",\"valueRequired\":true,\"valueName\":\"search_term_string\"}}],\"inLanguage\":\"de\"}]}<\/script>\n<!-- \/ Yoast SEO plugin. -->","yoast_head_json":{"title":"Warm up - Cool down - dog-vital.com","robots":{"index":"index","follow":"follow","max-snippet":"max-snippet:-1","max-image-preview":"max-image-preview:large","max-video-preview":"max-video-preview:-1"},"canonical":"https:\/\/dog-vital.com\/?page_id=56","og_locale":"de_DE","og_type":"article","og_title":"Warm up - Cool down - dog-vital.com","og_description":"Durch ein sinnvolles, sportorientiertes Aufw\u00e4rmen und Abk\u00fchlen kann zum einen die Leistungsf\u00e4higkeit bzw. Leistungsbereitschaft des Sporthundes gesteigert werden, zum anderen wird eine optimale Verletzungs- und \u00dcberlastungsvorbeugung erzielt. Inhaltlich wird das Seminar gegliedert in einen theoretischen Teil, in dem die Grundkenntnisse der Anatomie behandelt werden, sowie das &#8222;Warm up&#8220; und &#8222;Cool down&#8220; in Theorie n\u00e4hrgebracht werden. Weiterlesen","og_url":"https:\/\/dog-vital.com\/?page_id=56","og_site_name":"dog-vital.com","article_modified_time":"2018-08-27T19:40:00+00:00","og_image":[{"url":"http:\/\/dog-vital.com\/wp-content\/uploads\/2018\/07\/DSC_5428-300x167.jpg","type":"","width":"","height":""}],"twitter_card":"summary_large_image","twitter_misc":{"Gesch\u00e4tzte Lesezeit":"1\u00a0Minute"},"schema":{"@context":"https:\/\/schema.org","@graph":[{"@type":"WebPage","@id":"https:\/\/dog-vital.com\/?page_id=56","url":"https:\/\/dog-vital.com\/?page_id=56","name":"Warm up - Cool down - dog-vital.com","isPartOf":{"@id":"https:\/\/dog-vital.com\/#website"},"primaryImageOfPage":{"@id":"https:\/\/dog-vital.com\/?page_id=56#primaryimage"},"image":{"@id":"https:\/\/dog-vital.com\/?page_id=56#primaryimage"},"thumbnailUrl":"http:\/\/dog-vital.com\/wp-content\/uploads\/2018\/07\/DSC_5428-300x167.jpg","datePublished":"2018-02-10T05:48:55+00:00","dateModified":"2018-08-27T19:40:00+00:00","breadcrumb":{"@id":"https:\/\/dog-vital.com\/?page_id=56#breadcrumb"},"inLanguage":"de","potentialAction":[{"@type":"ReadAction","target":["https:\/\/dog-vital.com\/?page_id=56"]}]},{"@type":"ImageObject","inLanguage":"de","@id":"https:\/\/dog-vital.com\/?page_id=56#primaryimage","url":"https:\/\/dog-vital.com\/wp-content\/uploads\/2018\/07\/DSC_5428.jpg","contentUrl":"https:\/\/dog-vital.com\/wp-content\/uploads\/2018\/07\/DSC_5428.jpg","width":3008,"height":1670},{"@type":"BreadcrumbList","@id":"https:\/\/dog-vital.com\/?page_id=56#breadcrumb","itemListElement":[{"@type":"ListItem","position":1,"name":"Start","item":"https:\/\/dog-vital.com\/"},{"@type":"ListItem","position":2,"name":"Warm up &#8211; Cool down"}]},{"@type":"WebSite","@id":"https:\/\/dog-vital.com\/#website","url":"https:\/\/dog-vital.com\/","name":"dog-vital.com","description":"","potentialAction":[{"@type":"SearchAction","target":{"@type":"EntryPoint","urlTemplate":"https:\/\/dog-vital.com\/?s={search_term_string}"},"query-input":{"@type":"PropertyValueSpecification","valueRequired":true,"valueName":"search_term_string"}}],"inLanguage":"de"}]}},"_links":{"self":[{"href":"https:\/\/dog-vital.com\/index.php?rest_route=\/wp\/v2\/pages\/56","targetHints":{"allow":["GET"]}}],"collection":[{"href":"https:\/\/dog-vital.com\/index.php?rest_route=\/wp\/v2\/pages"}],"about":[{"href":"https:\/\/dog-vital.com\/index.php?rest_route=\/wp\/v2\/types\/page"}],"author":[{"embeddable":true,"href":"https:\/\/dog-vital.com\/index.php?rest_route=\/wp\/v2\/users\/1"}],"replies":[{"embeddable":true,"href":"https:\/\/dog-vital.com\/index.php?rest_route=%2Fwp%2Fv2%2Fcomments&post=56"}],"version-history":[{"count":19,"href":"https:\/\/dog-vital.com\/index.php?rest_route=\/wp\/v2\/pages\/56\/revisions"}],"predecessor-version":[{"id":324,"href":"https:\/\/dog-vital.com\/index.php?rest_route=\/wp\/v2\/pages\/56\/revisions\/324"}],"wp:attachment":[{"href":"https:\/\/dog-vital.com\/index.php?rest_route=%2Fwp%2Fv2%2Fmedia&parent=56"}],"curies":[{"name":"wp","href":"https:\/\/api.w.org\/{rel}","templated":true}]}}