{"id":518,"date":"2020-07-13T14:33:56","date_gmt":"2020-07-13T14:33:56","guid":{"rendered":"http:\/\/dog-vital.com\/?page_id=518"},"modified":"2020-07-13T14:45:27","modified_gmt":"2020-07-13T14:45:27","slug":"manuelle-therapie","status":"publish","type":"page","link":"https:\/\/dog-vital.com\/?page_id=518","title":{"rendered":"Manuelle Therapie"},"content":{"rendered":"\n<p>Die Manuelle Therapie ist eine physiotherapeutische Behandlung, bei der Funktionsst\u00f6rungen des Bewegungsapparates, von Muskeln und Gelenken, untersucht und behandelt werden. Grundlage sind dabei spezielle Handgriff- und Mobilisationstechniken, bei denen Schmerzen gelindert und Bewegungsst\u00f6rungen beseitigt werden.&nbsp;<\/p>\n\n\n\n<h3 class=\"wp-block-heading\">Anwendungsgebiete<\/h3>\n\n\n\n<ul class=\"wp-block-list\"><li>Alle nicht akut entz\u00fcndlichen Gelenkprobleme mit Bewegungseinschr\u00e4nkungen oder \u00dcberbeweglichkeit<\/li><li>nach OP\u00b4s wenn das Gelenk stabil ist<\/li><li>St\u00f6rung der Nervengleitf\u00e4higkeiten <\/li><li>Arthrose<\/li><\/ul>\n","protected":false},"excerpt":{"rendered":"<p>Die Manuelle Therapie ist eine physiotherapeutische Behandlung, bei der Funktionsst\u00f6rungen des Bewegungsapparates, von Muskeln und Gelenken, untersucht und behandelt werden. Grundlage sind dabei spezielle Handgriff- und Mobilisationstechniken, bei denen Schmerzen gelindert und Bewegungsst\u00f6rungen beseitigt werden.&nbsp; Anwendungsgebiete Alle nicht akut entz\u00fcndlichen Gelenkprobleme mit Bewegungseinschr\u00e4nkungen oder \u00dcberbeweglichkeit nach OP\u00b4s wenn das Gelenk stabil ist St\u00f6rung der Nervengleitf\u00e4higkeiten <a class=\"more-link\" href=\"https:\/\/dog-vital.com\/?page_id=518\">Weiterlesen <i class=\"fa fa-chevron-right\"><\/i><\/a><\/p>\n","protected":false},"author":1,"featured_media":0,"parent":0,"menu_order":0,"comment_status":"closed","ping_status":"closed","template":"","meta":{"footnotes":""},"class_list":["post-518","page","type-page","status-publish","hentry"],"yoast_head":"<!-- This site is optimized with the Yoast SEO plugin v26.6 - https:\/\/yoast.com\/wordpress\/plugins\/seo\/ -->\n<title>Manuelle Therapie - dog-vital.com<\/title>\n<meta name=\"robots\" content=\"index, follow, max-snippet:-1, max-image-preview:large, max-video-preview:-1\" \/>\n<link rel=\"canonical\" href=\"https:\/\/dog-vital.com\/?page_id=518\" \/>\n<meta property=\"og:locale\" content=\"de_DE\" \/>\n<meta property=\"og:type\" content=\"article\" \/>\n<meta property=\"og:title\" content=\"Manuelle Therapie - dog-vital.com\" \/>\n<meta property=\"og:description\" content=\"Die Manuelle Therapie ist eine physiotherapeutische Behandlung, bei der Funktionsst\u00f6rungen des Bewegungsapparates, von Muskeln und Gelenken, untersucht und behandelt werden. Grundlage sind dabei spezielle Handgriff- und Mobilisationstechniken, bei denen Schmerzen gelindert und Bewegungsst\u00f6rungen beseitigt werden.&nbsp; Anwendungsgebiete Alle nicht akut entz\u00fcndlichen Gelenkprobleme mit Bewegungseinschr\u00e4nkungen oder \u00dcberbeweglichkeit nach OP\u00b4s wenn das Gelenk stabil ist St\u00f6rung der Nervengleitf\u00e4higkeiten Weiterlesen\" \/>\n<meta property=\"og:url\" content=\"https:\/\/dog-vital.com\/?page_id=518\" \/>\n<meta property=\"og:site_name\" content=\"dog-vital.com\" \/>\n<meta property=\"article:modified_time\" content=\"2020-07-13T14:45:27+00:00\" \/>\n<meta name=\"twitter:card\" content=\"summary_large_image\" \/>\n<script type=\"application\/ld+json\" class=\"yoast-schema-graph\">{\"@context\":\"https:\/\/schema.org\",\"@graph\":[{\"@type\":\"WebPage\",\"@id\":\"https:\/\/dog-vital.com\/?page_id=518\",\"url\":\"https:\/\/dog-vital.com\/?page_id=518\",\"name\":\"Manuelle Therapie - dog-vital.com\",\"isPartOf\":{\"@id\":\"https:\/\/dog-vital.com\/#website\"},\"datePublished\":\"2020-07-13T14:33:56+00:00\",\"dateModified\":\"2020-07-13T14:45:27+00:00\",\"breadcrumb\":{\"@id\":\"https:\/\/dog-vital.com\/?page_id=518#breadcrumb\"},\"inLanguage\":\"de\",\"potentialAction\":[{\"@type\":\"ReadAction\",\"target\":[\"https:\/\/dog-vital.com\/?page_id=518\"]}]},{\"@type\":\"BreadcrumbList\",\"@id\":\"https:\/\/dog-vital.com\/?page_id=518#breadcrumb\",\"itemListElement\":[{\"@type\":\"ListItem\",\"position\":1,\"name\":\"Start\",\"item\":\"https:\/\/dog-vital.com\/\"},{\"@type\":\"ListItem\",\"position\":2,\"name\":\"Manuelle Therapie\"}]},{\"@type\":\"WebSite\",\"@id\":\"https:\/\/dog-vital.com\/#website\",\"url\":\"https:\/\/dog-vital.com\/\",\"name\":\"dog-vital.com\",\"description\":\"\",\"potentialAction\":[{\"@type\":\"SearchAction\",\"target\":{\"@type\":\"EntryPoint\",\"urlTemplate\":\"https:\/\/dog-vital.com\/?s={search_term_string}\"},\"query-input\":{\"@type\":\"PropertyValueSpecification\",\"valueRequired\":true,\"valueName\":\"search_term_string\"}}],\"inLanguage\":\"de\"}]}<\/script>\n<!-- \/ Yoast SEO plugin. -->","yoast_head_json":{"title":"Manuelle Therapie - dog-vital.com","robots":{"index":"index","follow":"follow","max-snippet":"max-snippet:-1","max-image-preview":"max-image-preview:large","max-video-preview":"max-video-preview:-1"},"canonical":"https:\/\/dog-vital.com\/?page_id=518","og_locale":"de_DE","og_type":"article","og_title":"Manuelle Therapie - dog-vital.com","og_description":"Die Manuelle Therapie ist eine physiotherapeutische Behandlung, bei der Funktionsst\u00f6rungen des Bewegungsapparates, von Muskeln und Gelenken, untersucht und behandelt werden. Grundlage sind dabei spezielle Handgriff- und Mobilisationstechniken, bei denen Schmerzen gelindert und Bewegungsst\u00f6rungen beseitigt werden.&nbsp; Anwendungsgebiete Alle nicht akut entz\u00fcndlichen Gelenkprobleme mit Bewegungseinschr\u00e4nkungen oder \u00dcberbeweglichkeit nach OP\u00b4s wenn das Gelenk stabil ist St\u00f6rung der Nervengleitf\u00e4higkeiten Weiterlesen","og_url":"https:\/\/dog-vital.com\/?page_id=518","og_site_name":"dog-vital.com","article_modified_time":"2020-07-13T14:45:27+00:00","twitter_card":"summary_large_image","schema":{"@context":"https:\/\/schema.org","@graph":[{"@type":"WebPage","@id":"https:\/\/dog-vital.com\/?page_id=518","url":"https:\/\/dog-vital.com\/?page_id=518","name":"Manuelle Therapie - dog-vital.com","isPartOf":{"@id":"https:\/\/dog-vital.com\/#website"},"datePublished":"2020-07-13T14:33:56+00:00","dateModified":"2020-07-13T14:45:27+00:00","breadcrumb":{"@id":"https:\/\/dog-vital.com\/?page_id=518#breadcrumb"},"inLanguage":"de","potentialAction":[{"@type":"ReadAction","target":["https:\/\/dog-vital.com\/?page_id=518"]}]},{"@type":"BreadcrumbList","@id":"https:\/\/dog-vital.com\/?page_id=518#breadcrumb","itemListElement":[{"@type":"ListItem","position":1,"name":"Start","item":"https:\/\/dog-vital.com\/"},{"@type":"ListItem","position":2,"name":"Manuelle Therapie"}]},{"@type":"WebSite","@id":"https:\/\/dog-vital.com\/#website","url":"https:\/\/dog-vital.com\/","name":"dog-vital.com","description":"","potentialAction":[{"@type":"SearchAction","target":{"@type":"EntryPoint","urlTemplate":"https:\/\/dog-vital.com\/?s={search_term_string}"},"query-input":{"@type":"PropertyValueSpecification","valueRequired":true,"valueName":"search_term_string"}}],"inLanguage":"de"}]}},"_links":{"self":[{"href":"https:\/\/dog-vital.com\/index.php?rest_route=\/wp\/v2\/pages\/518","targetHints":{"allow":["GET"]}}],"collection":[{"href":"https:\/\/dog-vital.com\/index.php?rest_route=\/wp\/v2\/pages"}],"about":[{"href":"https:\/\/dog-vital.com\/index.php?rest_route=\/wp\/v2\/types\/page"}],"author":[{"embeddable":true,"href":"https:\/\/dog-vital.com\/index.php?rest_route=\/wp\/v2\/users\/1"}],"replies":[{"embeddable":true,"href":"https:\/\/dog-vital.com\/index.php?rest_route=%2Fwp%2Fv2%2Fcomments&post=518"}],"version-history":[{"count":4,"href":"https:\/\/dog-vital.com\/index.php?rest_route=\/wp\/v2\/pages\/518\/revisions"}],"predecessor-version":[{"id":527,"href":"https:\/\/dog-vital.com\/index.php?rest_route=\/wp\/v2\/pages\/518\/revisions\/527"}],"wp:attachment":[{"href":"https:\/\/dog-vital.com\/index.php?rest_route=%2Fwp%2Fv2%2Fmedia&parent=518"}],"curies":[{"name":"wp","href":"https:\/\/api.w.org\/{rel}","templated":true}]}}