{"id":492,"date":"2019-08-02T11:36:25","date_gmt":"2019-08-02T11:36:25","guid":{"rendered":"http:\/\/dog-vital.com\/?page_id=492"},"modified":"2019-08-02T12:08:54","modified_gmt":"2019-08-02T12:08:54","slug":"492-2","status":"publish","type":"page","link":"https:\/\/dog-vital.com\/?page_id=492","title":{"rendered":"Elektrotherapie"},"content":{"rendered":"<h4>TENS<\/h4>\n<p>(<strong>T<\/strong>ranskutane\u00a0<strong>e<\/strong>lektrische\u00a0<strong>N<\/strong>erven<strong>s<\/strong>timulation) ist eine nicht-invasive und arzneimittelfreie Methode zur Behandlung von Schmerzen. Das TENS-Ger\u00e4t sendet angenehme, elektrische Impulse durch die Haut, die den Nerv im Behandlungsbereich stimulieren. In den meisten F\u00e4llen wird diese Stimulation die Schmerzempfindung stark reduzieren oder eliminieren, da die urspr\u00fcngliche Schmerzbotschaft an das Gehirn \u00fcberdeckt wird. Die TENS-Stimulation beg\u00fcnstigt die Freigabe von Endorphinen in den Blutstrom und f\u00fchrt dadurch zur weiteren Reduzierung von Schmerzen.<\/p>\n<h4><br data-rich-text-line-break=\"true\" \/>\u00a0<br data-rich-text-line-break=\"true\" \/>EMS<\/h4>\n<p>(<strong>E<\/strong>lektronische\u00a0<strong>M<\/strong>uskel<strong>s<\/strong>timulation): \u00dcber am K\u00f6rper angelegte Elektroden werden Muskelkontraktionen ausgel\u00f6st. Durch das Zusammenziehen und Entspannen der Muskeln in Folge wird die Muskulatur gekr\u00e4ftigt und zugleich schneller in einem Gesamtbewegungsablauf integriert. Sowohl die Muskelaktivit\u00e4t als auch die arterielle Durchblutung werden somit unterst\u00fctzt und gef\u00f6rdert<br data-rich-text-line-break=\"true\" \/>Die Behandlung wird von den Hunden als ausgesprochen angenehm empfunden. Das Ger\u00e4t arbeitet ger\u00e4uschlos, somit entspannen die meisten Hunde nach kurzer Zeit.<\/p>\n<h4><br data-rich-text-line-break=\"true\" \/><br data-rich-text-line-break=\"true\" \/>Anwendungsgebiete:<\/h4>\n<p><br data-rich-text-line-break=\"true\" \/>\u2022 Wirbels\u00e4ulen-Erkrankungen<br data-rich-text-line-break=\"true\" \/>\u2022 Arthrose\/Arthritis<br data-rich-text-line-break=\"true\" \/>\u2022 Myopathien<br data-rich-text-line-break=\"true\" \/>\u2022 Muskelverspannungen<br data-rich-text-line-break=\"true\" \/>\u2022 L\u00e4hmungen<br data-rich-text-line-break=\"true\" \/>\u2022 Nervenbehandlungen<br data-rich-text-line-break=\"true\" \/>\u2022 Wundheilungsst\u00f6rungen<br data-rich-text-line-break=\"true\" \/>\u2022 Lymph\u00f6deme<br data-rich-text-line-break=\"true\" \/>\u2022 Akute und chronische Schmerzzust\u00e4nde<br data-rich-text-line-break=\"true\" \/>\u00a0<br data-rich-text-line-break=\"true\" \/>Eine Sitzung dauert bis zu 20 Minuten.<br data-rich-text-line-break=\"true\" \/>Empfohlen wird eine Serie von mind. drei bis f\u00fcnf Behandlungen<\/p>\n","protected":false},"excerpt":{"rendered":"<p>TENS (Transkutane\u00a0elektrische\u00a0Nervenstimulation) ist eine nicht-invasive und arzneimittelfreie Methode zur Behandlung von Schmerzen. Das TENS-Ger\u00e4t sendet angenehme, elektrische Impulse durch die Haut, die den Nerv im Behandlungsbereich stimulieren. In den meisten F\u00e4llen wird diese Stimulation die Schmerzempfindung stark reduzieren oder eliminieren, da die urspr\u00fcngliche Schmerzbotschaft an das Gehirn \u00fcberdeckt wird. Die TENS-Stimulation beg\u00fcnstigt die Freigabe von <a class=\"more-link\" href=\"https:\/\/dog-vital.com\/?page_id=492\">Weiterlesen <i class=\"fa fa-chevron-right\"><\/i><\/a><\/p>\n","protected":false},"author":1,"featured_media":0,"parent":0,"menu_order":0,"comment_status":"closed","ping_status":"closed","template":"","meta":{"footnotes":""},"class_list":["post-492","page","type-page","status-publish","hentry"],"yoast_head":"<!-- This site is optimized with the Yoast SEO plugin v26.6 - https:\/\/yoast.com\/wordpress\/plugins\/seo\/ -->\n<title>Elektrotherapie - dog-vital.com<\/title>\n<meta name=\"robots\" content=\"index, follow, max-snippet:-1, max-image-preview:large, max-video-preview:-1\" \/>\n<link rel=\"canonical\" href=\"https:\/\/dog-vital.com\/?page_id=492\" \/>\n<meta property=\"og:locale\" content=\"de_DE\" \/>\n<meta property=\"og:type\" content=\"article\" \/>\n<meta property=\"og:title\" content=\"Elektrotherapie - dog-vital.com\" \/>\n<meta property=\"og:description\" content=\"TENS (Transkutane\u00a0elektrische\u00a0Nervenstimulation) ist eine nicht-invasive und arzneimittelfreie Methode zur Behandlung von Schmerzen. Das TENS-Ger\u00e4t sendet angenehme, elektrische Impulse durch die Haut, die den Nerv im Behandlungsbereich stimulieren. In den meisten F\u00e4llen wird diese Stimulation die Schmerzempfindung stark reduzieren oder eliminieren, da die urspr\u00fcngliche Schmerzbotschaft an das Gehirn \u00fcberdeckt wird. Die TENS-Stimulation beg\u00fcnstigt die Freigabe von Weiterlesen\" \/>\n<meta property=\"og:url\" content=\"https:\/\/dog-vital.com\/?page_id=492\" \/>\n<meta property=\"og:site_name\" content=\"dog-vital.com\" \/>\n<meta property=\"article:modified_time\" content=\"2019-08-02T12:08:54+00:00\" \/>\n<meta name=\"twitter:card\" content=\"summary_large_image\" \/>\n<meta name=\"twitter:label1\" content=\"Gesch\u00e4tzte Lesezeit\" \/>\n\t<meta name=\"twitter:data1\" content=\"1\u00a0Minute\" \/>\n<script type=\"application\/ld+json\" class=\"yoast-schema-graph\">{\"@context\":\"https:\/\/schema.org\",\"@graph\":[{\"@type\":\"WebPage\",\"@id\":\"https:\/\/dog-vital.com\/?page_id=492\",\"url\":\"https:\/\/dog-vital.com\/?page_id=492\",\"name\":\"Elektrotherapie - dog-vital.com\",\"isPartOf\":{\"@id\":\"https:\/\/dog-vital.com\/#website\"},\"datePublished\":\"2019-08-02T11:36:25+00:00\",\"dateModified\":\"2019-08-02T12:08:54+00:00\",\"breadcrumb\":{\"@id\":\"https:\/\/dog-vital.com\/?page_id=492#breadcrumb\"},\"inLanguage\":\"de\",\"potentialAction\":[{\"@type\":\"ReadAction\",\"target\":[\"https:\/\/dog-vital.com\/?page_id=492\"]}]},{\"@type\":\"BreadcrumbList\",\"@id\":\"https:\/\/dog-vital.com\/?page_id=492#breadcrumb\",\"itemListElement\":[{\"@type\":\"ListItem\",\"position\":1,\"name\":\"Start\",\"item\":\"https:\/\/dog-vital.com\/\"},{\"@type\":\"ListItem\",\"position\":2,\"name\":\"Elektrotherapie\"}]},{\"@type\":\"WebSite\",\"@id\":\"https:\/\/dog-vital.com\/#website\",\"url\":\"https:\/\/dog-vital.com\/\",\"name\":\"dog-vital.com\",\"description\":\"\",\"potentialAction\":[{\"@type\":\"SearchAction\",\"target\":{\"@type\":\"EntryPoint\",\"urlTemplate\":\"https:\/\/dog-vital.com\/?s={search_term_string}\"},\"query-input\":{\"@type\":\"PropertyValueSpecification\",\"valueRequired\":true,\"valueName\":\"search_term_string\"}}],\"inLanguage\":\"de\"}]}<\/script>\n<!-- \/ Yoast SEO plugin. -->","yoast_head_json":{"title":"Elektrotherapie - dog-vital.com","robots":{"index":"index","follow":"follow","max-snippet":"max-snippet:-1","max-image-preview":"max-image-preview:large","max-video-preview":"max-video-preview:-1"},"canonical":"https:\/\/dog-vital.com\/?page_id=492","og_locale":"de_DE","og_type":"article","og_title":"Elektrotherapie - dog-vital.com","og_description":"TENS (Transkutane\u00a0elektrische\u00a0Nervenstimulation) ist eine nicht-invasive und arzneimittelfreie Methode zur Behandlung von Schmerzen. Das TENS-Ger\u00e4t sendet angenehme, elektrische Impulse durch die Haut, die den Nerv im Behandlungsbereich stimulieren. In den meisten F\u00e4llen wird diese Stimulation die Schmerzempfindung stark reduzieren oder eliminieren, da die urspr\u00fcngliche Schmerzbotschaft an das Gehirn \u00fcberdeckt wird. Die TENS-Stimulation beg\u00fcnstigt die Freigabe von Weiterlesen","og_url":"https:\/\/dog-vital.com\/?page_id=492","og_site_name":"dog-vital.com","article_modified_time":"2019-08-02T12:08:54+00:00","twitter_card":"summary_large_image","twitter_misc":{"Gesch\u00e4tzte Lesezeit":"1\u00a0Minute"},"schema":{"@context":"https:\/\/schema.org","@graph":[{"@type":"WebPage","@id":"https:\/\/dog-vital.com\/?page_id=492","url":"https:\/\/dog-vital.com\/?page_id=492","name":"Elektrotherapie - dog-vital.com","isPartOf":{"@id":"https:\/\/dog-vital.com\/#website"},"datePublished":"2019-08-02T11:36:25+00:00","dateModified":"2019-08-02T12:08:54+00:00","breadcrumb":{"@id":"https:\/\/dog-vital.com\/?page_id=492#breadcrumb"},"inLanguage":"de","potentialAction":[{"@type":"ReadAction","target":["https:\/\/dog-vital.com\/?page_id=492"]}]},{"@type":"BreadcrumbList","@id":"https:\/\/dog-vital.com\/?page_id=492#breadcrumb","itemListElement":[{"@type":"ListItem","position":1,"name":"Start","item":"https:\/\/dog-vital.com\/"},{"@type":"ListItem","position":2,"name":"Elektrotherapie"}]},{"@type":"WebSite","@id":"https:\/\/dog-vital.com\/#website","url":"https:\/\/dog-vital.com\/","name":"dog-vital.com","description":"","potentialAction":[{"@type":"SearchAction","target":{"@type":"EntryPoint","urlTemplate":"https:\/\/dog-vital.com\/?s={search_term_string}"},"query-input":{"@type":"PropertyValueSpecification","valueRequired":true,"valueName":"search_term_string"}}],"inLanguage":"de"}]}},"_links":{"self":[{"href":"https:\/\/dog-vital.com\/index.php?rest_route=\/wp\/v2\/pages\/492","targetHints":{"allow":["GET"]}}],"collection":[{"href":"https:\/\/dog-vital.com\/index.php?rest_route=\/wp\/v2\/pages"}],"about":[{"href":"https:\/\/dog-vital.com\/index.php?rest_route=\/wp\/v2\/types\/page"}],"author":[{"embeddable":true,"href":"https:\/\/dog-vital.com\/index.php?rest_route=\/wp\/v2\/users\/1"}],"replies":[{"embeddable":true,"href":"https:\/\/dog-vital.com\/index.php?rest_route=%2Fwp%2Fv2%2Fcomments&post=492"}],"version-history":[{"count":8,"href":"https:\/\/dog-vital.com\/index.php?rest_route=\/wp\/v2\/pages\/492\/revisions"}],"predecessor-version":[{"id":510,"href":"https:\/\/dog-vital.com\/index.php?rest_route=\/wp\/v2\/pages\/492\/revisions\/510"}],"wp:attachment":[{"href":"https:\/\/dog-vital.com\/index.php?rest_route=%2Fwp%2Fv2%2Fmedia&parent=492"}],"curies":[{"name":"wp","href":"https:\/\/api.w.org\/{rel}","templated":true}]}}