{"id":226,"date":"2018-06-27T08:04:05","date_gmt":"2018-06-27T08:04:05","guid":{"rendered":"http:\/\/dog-vital.com\/?page_id=226"},"modified":"2018-12-14T15:47:37","modified_gmt":"2018-12-14T15:47:37","slug":"datenschutzerklaerung-fuer-facebookseite","status":"publish","type":"page","link":"https:\/\/dog-vital.com\/?page_id=226","title":{"rendered":"Datenschutzerkl\u00e4rung f\u00fcr Facebookseite"},"content":{"rendered":"<h4>Datenschutzerkl\u00e4rung zur Facebook-Seite dog-vital.com<\/h4>\n<div class=\"page\" title=\"Page 4\">\n<div class=\"section\">\n<div class=\"layoutArea\">\n<div class=\"column\">\n<p>Name und Anschrift der Verantwortlichen:<\/p>\n<p>Gemeinsam Verantwortliche f\u00fcr den Betrieb dieser Facebook-Seite sind im Sinne der EU- Datenschutz-Grundverordnung sowie sonstiger datenschutzrechtlicher Bestimmungen die:<\/p>\n<p>Facebook Ireland Ltd. (nachfolgend \u201eFacebook\u201c)4 Grand Canal Square<br \/>\nGrand Canal Harbour<br \/>\nDublin 2<\/p>\n<p>Irland<\/p>\n<\/div>\n<\/div>\n<\/div>\n<div class=\"layoutArea\">\n<div class=\"column\">\n<p>und<\/p>\n<p><b>dog-vital.com<\/b> mobile Hundephysiotherapie und Sporthundbetreuung<\/p>\n<p>Inhaber Kevin Kramer<\/p>\n<p>Siemensweg 1<\/p>\n<p>38228 Salzgitter<\/p>\n<p>Die Vereinbarung zur gemeinsamen Verantwortlichkeit nach Art. 26 DSGVO finden Sie hier<\/p>\n<p><a href=\"https:\/\/www.facebook.com\/legal\/terms\/page_controller_addendum\">https:\/\/www.facebook.com\/legal\/terms\/page_controller_addendum<\/a><\/p>\n<p>Diese Vereinbarung wurde in dieser Form von Facebook Irland Ltd. zur Verf\u00fcgung gestellt und wir als Nutzer der Fanpages, akzeptieren Sie durch die Nutzung von Facebook.<\/p>\n<p>Ob diese Vereinbarung den Voraussetzungen des Art. 26 DSGVO gen\u00fcgt, kann ich nicht beurteilen.<\/p>\n<div class=\"page\" title=\"Page 5\">\n<div class=\"layoutArea\">\n<div class=\"column\">\n<h4>Informationen \u00fcber meine Facebook-Seite.<\/h4>\n<p>Ich betreibe diese Seite, um auf meine Dienstleistungen und Produkte aufmerksam zu machen und um mit Ihnen als Besucher und Benutzer dieser Facebook-Seite sowie meiner\u00a0Webseite in Kontakt zu treten. Weitere Informationen \u00fcber mich sowie \u00fcber meine\u00a0T\u00e4tigkeiten, Unternehmen etc. erhalten Sie auf meiner Webseite unter\u00a0<a href=\"http:\/\/www.dog-vital.com\">http:\/\/www.dog-vital.com<\/a><\/p>\n<p>Ich als Betreiber der Facebook-Seite habe kein Interesse an der Erhebung und weiteren Verarbeitung Ihrer individuellen personenbezogenen Daten zu Analyse- oder Marketingzwecken. Weiterf\u00fchrende Hinweise zu unserem Umgang mit personenbezogenen Daten finden Sie in meiner\u00a0Datenschutzerkl\u00e4rung meiner\u00a0Webseite unter\u00a0<a href=\"http:\/\/dog-vital.com\/?page_id=240\">http:\/\/dog-vital.com\/?page_id=240<\/a><\/p>\n<div class=\"page\" title=\"Page 5\">\n<div class=\"layoutArea\">\n<div class=\"column\">\n<p>Der Betrieb dieser Facebook-Seite unter Einbezug der Verarbeitung der personenbezogenen Daten der Nutzer erfolgt auf Grundlage meiner berechtigten Interessen an einer zeitgem\u00e4\u00dfen und unterst\u00fctzenden Informations- und Interaktionsm\u00f6glichkeit f\u00fcr und mitmeinen Nutzern und Besuchern gem. Art. 6 Abs. 1 lit. f) DSGVO.<\/p>\n<div class=\"page\" title=\"Page 5\">\n<div class=\"layoutArea\">\n<div class=\"column\">\n<p>Eine Einwilligung gem. Art. 6 Abs. 1 S.1 lit. b) DSGVO f\u00fcr die Verarbeitung der personenbezogenen Daten kann nur durch Facebook technisch eingeholt werden. Eine solche Einwilligungsm\u00f6glichkeit bietet Facebook derzeit nicht an.<\/p>\n<div class=\"page\" title=\"Page 5\">\n<div class=\"layoutArea\">\n<div class=\"column\">\n<h4>Verarbeitung von Personenbezogenen Daten durch Facebook<\/h4>\n<p>Der Europ\u00e4ische Gerichtshof (EuGH) hat in seinem Urteil vom 5. Juni 2018 entschieden (<a href=\"http:\/\/curia.europa.eu\/juris\/document\/document.jsf?text=&amp;docid=202543&amp;pageIndex=0&amp;doclang=DE&amp;mode=req&amp;dir=&amp;occ=first&amp;part=1&amp;cid=298398\">http:\/\/curia.europa.eu\/juris\/document\/document.jsf?text=&amp;docid=202543&amp;pageIndex=0&amp;doclang=DE&amp;mode=req&amp;dir=&amp;occ=first&amp;part=1&amp;cid=298398<\/a>), dass der Betreiber einer Facebook-Seite gemeinsam mit Facebook f\u00fcr die Verarbeitung personenbezogener Daten\u00a0verantwortlich ist.<\/p>\n<div class=\"page\" title=\"Page 5\">\n<div class=\"layoutArea\">\n<div class=\"column\">\n<p>Mir ist bekannt, dass Facebook die Daten der Nutzer zu folgenden Zwecken verarbeitet:<\/p>\n<p>\u25aa Werbung (Analyse, Erstellung personalisierter Werbung)\u25aa Erstellung von Nutzerprofilen<br \/>\n\u25aa Marktforschung.<\/p>\n<p>Facebook setzt zur Speicherung und weiteren Verarbeitung dieser Informationen Cookies ein, also kleine Textdateien, die auf den verschiedenen Endger\u00e4ten der Benutzer gespeichert werden. Sofern der Benutzer ein Facebook-Profil besitzt und bei diesem eingeloggt ist, erfolgt die Speicherung und Analyse auch ger\u00e4te\u00fcbergreifend.<\/p>\n<div class=\"page\" title=\"Page 6\">\n<div class=\"layoutArea\">\n<div class=\"column\">\n<p>Die Datenschutzerkl\u00e4rung von Facebook enth\u00e4lt weitere Informationen zur Datenverarbeitung: <a href=\"https:\/\/www.facebook.com\/about\/privacy\/\">https:\/\/www.facebook.com\/about\/privacy\/<\/a><\/p>\n<p>Widerspruchsm\u00f6glichkeiten (sog. Opt-Out) k\u00f6nnen hier: <a href=\"https:\/\/www.facebook.com\/settings?tab=ads\">https:\/\/www.facebook.com\/settings?tab=ads<\/a> und hier<a href=\"http:\/\/www.youronlinechoices.com\"> http:\/\/www.youronlinechoices.com<\/a> gesetzt werden.<\/p>\n<p>Facebook Inc., der US-amerikanische Mutterkonzern der Facebook Ireland Ltd. ist unter dem EU-U.S. Privacy-Shield zertifiziert und gibt damit die Zusage, sich an europ\u00e4ische Datenschutzrichtlinien zu halten. Weitere Informationen zum Privacy-Shield-Status von Facebook gibt es hier: <a href=\"https:\/\/www.privacyshield.gov\/participant?id=a2zt0000000GnywAAC&amp;status=Active.\">https:\/\/www.privacyshield.gov\/participant?id=a2zt0000000GnywAAC&amp;status=Active.<\/a><\/p>\n<p>Die \u00dcbermittlung und weitere Verarbeitung personenbezogener Daten der Benutzer in Drittl\u00e4nder, wie z.B. die USA, sowie die damit verbundenen eventuellen Risiken f\u00fcr die Benutzer k\u00f6nnen von mir\/uns als Betreiber der Seite nicht ausgeschlossen werden.<\/p>\n<h4>Statistische Daten<\/h4>\n<p>\u00dcber die sogenannten \u201eInsights\u201c der Facebook-Seite sind statistische Daten unterschiedlicher Kategorien f\u00fcr mich abrufbar. Diese Statistiken werden durch Facebook erzeugt und bereitgestellt. Auf die Erzeugung und Darstellung haben wir als Betreiber der Seite keinen Einfluss. Wir k\u00f6nnen diese Funktion nicht abstellen oder die Erzeugung und Verarbeitung der Daten nicht verhindern. F\u00fcr einen w\u00e4hlbaren Zeitraum sowie jeweils f\u00fcr die Kategorien Fans, Abonnenten, erreichte Personen und interagierende Personen werden uns bezogen auf unsere Facebook-Seite nachfolgende Daten durch Facebook bereitgestellt:<\/p>\n<p>Gesamtanzahl von Seitenaufrufen, \u201eGef\u00e4llt mir\u201c-Angaben, Seitenaktivit\u00e4ten, Beitragsinteraktionen, Reichweite, Videoansichten, Beitragsreichweite, Kommentare, Geteilte Inhalten, Antworten, Anteil M\u00e4nner und Frauen, Herkunft bezogen auf Land und Stadt, Sprache, Aufrufe und Klicks im Shop, Klicks auf Routenplaner, Klicks auf Telefonnummern. Ebenfalls werden auf diesem Wege Daten zu den mit unserer Facebook- Seite verkn\u00fcpften Facebook-Gruppen bereitgestellt. Durch die st\u00e4ndige Entwicklung von Facebook ver\u00e4ndert sich die Verf\u00fcgbarkeit und die Aufbereitung der Daten, sodass ich f\u00fcr weitere Details dazu auf die bereits o.g. Datenschutzerkl\u00e4rung von Facebook verweise.<\/p>\n<p>Ich nutze diese in aggregierter Form verf\u00fcgbaren Daten, um meine Beitr\u00e4ge und Aktivit\u00e4ten auf unserer Facebook-Seite f\u00fcr die Benutzer attraktiver zu machen. So nutzen wir z.B. die Verteilungen nach Alter und Geschlecht f\u00fcr eine angepasste Ansprache und die bevorzugten Besuchszeiten der Nutzer f\u00fcr eine zeitlich optimierte Planung unsererBeitr\u00e4ge. Informationen \u00fcber die Art der verwendeten Endger\u00e4te von Besuchern helfen mir dabei, die Beitr\u00e4ge optisch-gestalterisch daran anzupassen. Entsprechend der Facebook-Nutzungsbedingungen, denen jeder Benutzer im Rahmen der Erstellung eines Facebook-Profils zugestimmt hat, k\u00f6nnen wir die Abonnenten und Fans der Seite identifizieren und deren Profile sowie weitere geteilte Informationen von ihnen einsehen.<\/p>\n<div class=\"page\" title=\"Page 7\">\n<div class=\"layoutArea\">\n<div class=\"column\">\n<h4>Rechte der Benutzer<\/h4>\n<p>Bei Fragen zu Ihren Rechten sollten Sie sich bitte direkt mit Facebook in Verbindung setzen.<\/p>\n<p>Sie haben ein Recht auf unentgeltliche Auskunft \u00fcber bei Facebook zu Ihrer Person gespeicherten Daten sowie ggf. ein Recht auf Berichtigung, Einschr\u00e4nkung der Verarbeitung oder L\u00f6schung dieser Daten. Ebenfalls haben Sie das Recht auf Daten\u00fcbertragbarkeit. Schlie\u00dflich haben Sie auch das Recht, sich \u00fcber die Verarbeitung Ihrer pers\u00f6nlichen Daten durch Facebook bei der Datenschutz-Aufsichtsbeh\u00f6rde zu beschweren.<\/p>\n<p>Werden Auskunftsfragen an uns als Seitenbetreiber gestellt, sind wir durch die Zusatzvereinbarung mit Facebook verpflichtet, diese Anfragen \u2013 gleich ob von Privatpersonen oder Beh\u00f6rden \u2013 innerhalb von 7 Tagen an Facebook weiterzuleiten.<\/p>\n<p>Dieses ergibt sich ebenfalls aus dem o.g. Controller Addendum<\/p>\n<p><a href=\"https:\/\/www.facebook.com\/legal\/terms\/page_controller_addendum\">https:\/\/www.facebook.com\/legal\/terms\/page_controller_addendum<\/a><\/p>\n<p>Sollten Sie dabei Unterst\u00fctzung ben\u00f6tigen oder anderweitige Fragen haben, dann kontaktieren Sie mich gerne unter per E-Mail unter <a href=\"mailto:info@dog-vital.com\">info@dog-vital.com<\/a> angeben. Wenn Sie die hier beschriebenen Datenverarbeitungen zuk\u00fcnftig nicht mehr w\u00fcnschen, dann heben Sie bitte durch Nutzung der Funktion \u201eDiese Seite gef\u00e4llt mir nicht mehr\u201c dieVerbindung Ihres Benutzer-Profils zu meiner Seite auf.<\/p>\n<p>Stand der Informationen: 13.12. 2018<br \/>\n\u00a9 2018 Rechtsanw\u00e4ltin Sabrina Keese-Haufs<\/p>\n<\/div>\n<\/div>\n<\/div>\n<\/div>\n<\/div>\n<\/div>\n<\/div>\n<\/div>\n<\/div>\n<\/div>\n<\/div>\n<\/div>\n<\/div>\n<\/div>\n<\/div>\n<\/div>\n<\/div>\n<\/div>\n<\/div>\n<\/div>\n<\/div>\n<\/div>\n<\/div>\n<\/div>\n","protected":false},"excerpt":{"rendered":"<p>Datenschutzerkl\u00e4rung zur Facebook-Seite dog-vital.com Name und Anschrift der Verantwortlichen: Gemeinsam Verantwortliche f\u00fcr den Betrieb dieser Facebook-Seite sind im Sinne der EU- Datenschutz-Grundverordnung sowie sonstiger datenschutzrechtlicher Bestimmungen die: Facebook Ireland Ltd. (nachfolgend \u201eFacebook\u201c)4 Grand Canal Square Grand Canal Harbour Dublin 2 Irland und dog-vital.com mobile Hundephysiotherapie und Sporthundbetreuung Inhaber Kevin Kramer Siemensweg 1 38228 Salzgitter Die <a class=\"more-link\" href=\"https:\/\/dog-vital.com\/?page_id=226\">Weiterlesen <i class=\"fa fa-chevron-right\"><\/i><\/a><\/p>\n","protected":false},"author":1,"featured_media":0,"parent":0,"menu_order":0,"comment_status":"closed","ping_status":"closed","template":"","meta":{"footnotes":""},"class_list":["post-226","page","type-page","status-publish","hentry"],"yoast_head":"<!-- This site is optimized with the Yoast SEO plugin v26.6 - https:\/\/yoast.com\/wordpress\/plugins\/seo\/ -->\n<title>Datenschutzerkl\u00e4rung f\u00fcr Facebookseite - dog-vital.com<\/title>\n<meta name=\"robots\" content=\"index, follow, max-snippet:-1, max-image-preview:large, max-video-preview:-1\" \/>\n<link rel=\"canonical\" href=\"https:\/\/dog-vital.com\/?page_id=226\" \/>\n<meta property=\"og:locale\" content=\"de_DE\" \/>\n<meta property=\"og:type\" content=\"article\" \/>\n<meta property=\"og:title\" content=\"Datenschutzerkl\u00e4rung f\u00fcr Facebookseite - dog-vital.com\" \/>\n<meta property=\"og:description\" content=\"Datenschutzerkl\u00e4rung zur Facebook-Seite dog-vital.com Name und Anschrift der Verantwortlichen: Gemeinsam Verantwortliche f\u00fcr den Betrieb dieser Facebook-Seite sind im Sinne der EU- Datenschutz-Grundverordnung sowie sonstiger datenschutzrechtlicher Bestimmungen die: Facebook Ireland Ltd. (nachfolgend \u201eFacebook\u201c)4 Grand Canal Square Grand Canal Harbour Dublin 2 Irland und dog-vital.com mobile Hundephysiotherapie und Sporthundbetreuung Inhaber Kevin Kramer Siemensweg 1 38228 Salzgitter Die Weiterlesen\" \/>\n<meta property=\"og:url\" content=\"https:\/\/dog-vital.com\/?page_id=226\" \/>\n<meta property=\"og:site_name\" content=\"dog-vital.com\" \/>\n<meta property=\"article:modified_time\" content=\"2018-12-14T15:47:37+00:00\" \/>\n<meta name=\"twitter:card\" content=\"summary_large_image\" \/>\n<meta name=\"twitter:label1\" content=\"Gesch\u00e4tzte Lesezeit\" \/>\n\t<meta name=\"twitter:data1\" content=\"5\u00a0Minuten\" \/>\n<script type=\"application\/ld+json\" class=\"yoast-schema-graph\">{\"@context\":\"https:\/\/schema.org\",\"@graph\":[{\"@type\":\"WebPage\",\"@id\":\"https:\/\/dog-vital.com\/?page_id=226\",\"url\":\"https:\/\/dog-vital.com\/?page_id=226\",\"name\":\"Datenschutzerkl\u00e4rung f\u00fcr Facebookseite - dog-vital.com\",\"isPartOf\":{\"@id\":\"https:\/\/dog-vital.com\/#website\"},\"datePublished\":\"2018-06-27T08:04:05+00:00\",\"dateModified\":\"2018-12-14T15:47:37+00:00\",\"breadcrumb\":{\"@id\":\"https:\/\/dog-vital.com\/?page_id=226#breadcrumb\"},\"inLanguage\":\"de\",\"potentialAction\":[{\"@type\":\"ReadAction\",\"target\":[\"https:\/\/dog-vital.com\/?page_id=226\"]}]},{\"@type\":\"BreadcrumbList\",\"@id\":\"https:\/\/dog-vital.com\/?page_id=226#breadcrumb\",\"itemListElement\":[{\"@type\":\"ListItem\",\"position\":1,\"name\":\"Start\",\"item\":\"https:\/\/dog-vital.com\/\"},{\"@type\":\"ListItem\",\"position\":2,\"name\":\"Datenschutzerkl\u00e4rung f\u00fcr Facebookseite\"}]},{\"@type\":\"WebSite\",\"@id\":\"https:\/\/dog-vital.com\/#website\",\"url\":\"https:\/\/dog-vital.com\/\",\"name\":\"dog-vital.com\",\"description\":\"\",\"potentialAction\":[{\"@type\":\"SearchAction\",\"target\":{\"@type\":\"EntryPoint\",\"urlTemplate\":\"https:\/\/dog-vital.com\/?s={search_term_string}\"},\"query-input\":{\"@type\":\"PropertyValueSpecification\",\"valueRequired\":true,\"valueName\":\"search_term_string\"}}],\"inLanguage\":\"de\"}]}<\/script>\n<!-- \/ Yoast SEO plugin. -->","yoast_head_json":{"title":"Datenschutzerkl\u00e4rung f\u00fcr Facebookseite - dog-vital.com","robots":{"index":"index","follow":"follow","max-snippet":"max-snippet:-1","max-image-preview":"max-image-preview:large","max-video-preview":"max-video-preview:-1"},"canonical":"https:\/\/dog-vital.com\/?page_id=226","og_locale":"de_DE","og_type":"article","og_title":"Datenschutzerkl\u00e4rung f\u00fcr Facebookseite - dog-vital.com","og_description":"Datenschutzerkl\u00e4rung zur Facebook-Seite dog-vital.com Name und Anschrift der Verantwortlichen: Gemeinsam Verantwortliche f\u00fcr den Betrieb dieser Facebook-Seite sind im Sinne der EU- Datenschutz-Grundverordnung sowie sonstiger datenschutzrechtlicher Bestimmungen die: Facebook Ireland Ltd. (nachfolgend \u201eFacebook\u201c)4 Grand Canal Square Grand Canal Harbour Dublin 2 Irland und dog-vital.com mobile Hundephysiotherapie und Sporthundbetreuung Inhaber Kevin Kramer Siemensweg 1 38228 Salzgitter Die Weiterlesen","og_url":"https:\/\/dog-vital.com\/?page_id=226","og_site_name":"dog-vital.com","article_modified_time":"2018-12-14T15:47:37+00:00","twitter_card":"summary_large_image","twitter_misc":{"Gesch\u00e4tzte Lesezeit":"5\u00a0Minuten"},"schema":{"@context":"https:\/\/schema.org","@graph":[{"@type":"WebPage","@id":"https:\/\/dog-vital.com\/?page_id=226","url":"https:\/\/dog-vital.com\/?page_id=226","name":"Datenschutzerkl\u00e4rung f\u00fcr Facebookseite - dog-vital.com","isPartOf":{"@id":"https:\/\/dog-vital.com\/#website"},"datePublished":"2018-06-27T08:04:05+00:00","dateModified":"2018-12-14T15:47:37+00:00","breadcrumb":{"@id":"https:\/\/dog-vital.com\/?page_id=226#breadcrumb"},"inLanguage":"de","potentialAction":[{"@type":"ReadAction","target":["https:\/\/dog-vital.com\/?page_id=226"]}]},{"@type":"BreadcrumbList","@id":"https:\/\/dog-vital.com\/?page_id=226#breadcrumb","itemListElement":[{"@type":"ListItem","position":1,"name":"Start","item":"https:\/\/dog-vital.com\/"},{"@type":"ListItem","position":2,"name":"Datenschutzerkl\u00e4rung f\u00fcr Facebookseite"}]},{"@type":"WebSite","@id":"https:\/\/dog-vital.com\/#website","url":"https:\/\/dog-vital.com\/","name":"dog-vital.com","description":"","potentialAction":[{"@type":"SearchAction","target":{"@type":"EntryPoint","urlTemplate":"https:\/\/dog-vital.com\/?s={search_term_string}"},"query-input":{"@type":"PropertyValueSpecification","valueRequired":true,"valueName":"search_term_string"}}],"inLanguage":"de"}]}},"_links":{"self":[{"href":"https:\/\/dog-vital.com\/index.php?rest_route=\/wp\/v2\/pages\/226","targetHints":{"allow":["GET"]}}],"collection":[{"href":"https:\/\/dog-vital.com\/index.php?rest_route=\/wp\/v2\/pages"}],"about":[{"href":"https:\/\/dog-vital.com\/index.php?rest_route=\/wp\/v2\/types\/page"}],"author":[{"embeddable":true,"href":"https:\/\/dog-vital.com\/index.php?rest_route=\/wp\/v2\/users\/1"}],"replies":[{"embeddable":true,"href":"https:\/\/dog-vital.com\/index.php?rest_route=%2Fwp%2Fv2%2Fcomments&post=226"}],"version-history":[{"count":5,"href":"https:\/\/dog-vital.com\/index.php?rest_route=\/wp\/v2\/pages\/226\/revisions"}],"predecessor-version":[{"id":445,"href":"https:\/\/dog-vital.com\/index.php?rest_route=\/wp\/v2\/pages\/226\/revisions\/445"}],"wp:attachment":[{"href":"https:\/\/dog-vital.com\/index.php?rest_route=%2Fwp%2Fv2%2Fmedia&parent=226"}],"curies":[{"name":"wp","href":"https:\/\/api.w.org\/{rel}","templated":true}]}}