{"id":188,"date":"2018-05-14T08:53:46","date_gmt":"2018-05-14T08:53:46","guid":{"rendered":"http:\/\/dog-vital.com\/?page_id=188"},"modified":"2019-01-08T17:41:59","modified_gmt":"2019-01-08T17:41:59","slug":"nahrungsergaenzungsmittel","status":"publish","type":"page","link":"https:\/\/dog-vital.com\/?page_id=188","title":{"rendered":"Nahrungserg\u00e4nzungsmittel"},"content":{"rendered":"<h4>Viele Hundebesitzer geben ihren Hunden Nahrungserg\u00e4nzungsmittel oder denken dar\u00fcber nach Ihnen welche zu geben. Doch was bewirken ihre Inhaltsstoffe? Wof\u00fcr stehen die Abk\u00fcrzungen auf den Produkten? Dies m\u00f6chte ich an dieser Stelle kl\u00e4ren.<\/h4>\n<hr \/>\n<h4>MSM (Methylsulfanylmethan)<\/h4>\n<p>Hierbei \u00a0handelt es sich um eine Schwefelverbindung. Diese Schwefelverbindung hat entz\u00fcndungs- und schmerzlindernde Eigenschaften. Diese Wirkung tritt zum Beispiel bei Bursitis (Schleimbeutelentz\u00fcndung) oder Muskelschmerzen auf. Aber auch bei Arthrosen kann MSM eine F\u00f6rderung der Funktionen in den Gelenken bewirken. Da MSM auf Knorpel und Gelenke wirkt tr\u00e4gt es auch zur Verringerung von Gelenkschmerzen bei.<\/p>\n<p>Vom K\u00f6rper wird MSM genutzt um neue Zellen zu schaffen und gesch\u00e4digte zu reparieren.<\/p>\n<p>&nbsp;<\/p>\n<h4>Glukosamin<\/h4>\n<p>Glukosamin ist ein Aminozucker, welcher als wichtiger Baustein f\u00fcr Knorpel, Gelenke und Bindegewebe dient. Es ist ein nat\u00fcrlicher Bestandteil des Knorpels welcher zur Regeneration dessen anregt. Ebenfalls ist es ein Teil der Gelenkstruktur sowie von Sehnen und B\u00e4ndern. Es ist daran beteiligt, dass die Funktion der Bandscheiben in der Wirbels\u00e4ule verbessert werden und kann beim Entgegenwirken einer Degeneration beitragen.<\/p>\n<p>Bei nicht weit fortgeschrittener Arthrosen kann es deren Entwicklung verringern. Dies kann sogar anhand von Studien in denen Glukosamin im Vergleich mit Placebo aber auch anderen Arthrose-Mitteln stand, belegt werden.<\/p>\n<p>Zudem hat es eine Schmerzlindernde Wirkung. Hierbei sollte man jedoch etwas Geduld aufbringen, da die Wirkung sich erst im Verlauf einiger Wochen entfaltet.<\/p>\n<p>Zwar wird Glukosamin aus der Nahrung aufgenommen, dies jedoch nur in geringen Mengen m\u00f6glich. Zudem l\u00e4sst die Gewinnung von Glukosamin aus der Nahrung mit fortschreitendem Alter immer mehr nach.<\/p>\n<p>&nbsp;<\/p>\n<h4>Chondroitin<\/h4>\n<p>Bei Chondroitin handelt es sich um ein sogenanntes Makromolek\u00fcl. Genau durch dieses Makromolek\u00fcl k\u00f6nnte mit Nahrungserg\u00e4nzungen bei Arthrose eine bessere Wirkung erzielt werden als mit schulmedizinischen Medikamenten. So konnte Chondroitin das langfristige Fortschreiten von Arthrose mit gr\u00f6\u00dferem Erfolg reduzieren als die schulmedizinischen Mittel.<\/p>\n<p>Dar\u00fcber hinaus sch\u00fctzt es den Gelenkknorpel. In seiner Wirkung kann man Chondroitin zudem mit einem Magneten vergleichen, da es N\u00e4hrstoffe, welche der Knorpel f\u00fcr Aufbau und Erhalt ben\u00f6tigt und \u00fcber die Gelenkfl\u00fcssigkeit bezieht, wie ein Magnet anzieht um dem Knorpel so leichter zug\u00e4nglich macht.<\/p>\n<p>Wird Chondroitin gleichzeitig mit Glukosamin gegeben, so findet in diesem fall sogar ein Zusammenspiel beider Stoffe statt, was dann zur Neubildung von Knorpelgewebe beitr\u00e4gt. Zudem verbessert sich die Wirkung beider Stoffe bei gleichzeitiger Anwendung.<\/p>\n<p>&nbsp;<\/p>\n<h4>L-Arginin<\/h4>\n<p>L-Arginin ist eine Aminis\u00e4ure, welche eine wichtige Rolle in der Bildung von Stickstoffmonoxid spielt, welches zur Erweiterung der Blutgef\u00e4\u00dfe beitr\u00e4gt. Dieses erh\u00f6ht die Durchblutung der Muskeln und versorgt sie mit \u00a0mehr N\u00e4hrstoffen, was wiederum die Leistungsf\u00e4higkeit um bis zu 8% erh\u00f6hen kann. Dar\u00fcber hinaus st\u00e4rkt die Einnahme von L-Arginin das Immunsystem.<\/p>\n<p>&nbsp;<\/p>\n<h4>L-Glutamin<\/h4>\n<p>Die Wirkung von L-Glutamin besteht im wesentlichen in der Beschleunigung der Regeneration nach k\u00f6rperlicher Anstrengung wie etwa dem Training auf dem Hundeplatz. Hierbei sorgt es f\u00fcr sp\u00fcrbar bessere Erholung, vor allem bei erh\u00f6hter Trainingsfrequenz. Dies ist vor allem darauf zur\u00fcckzuf\u00fchren, dass L-Glutamin die Wiederauff\u00fcllung der Glykogen-Speichern beg\u00fcnstigt, welche als Speicherform zugef\u00fchrter Kohlehydrate dienen. Denn leere Glykogen-Speicher bedeuten weniger Energie.<\/p>\n<p>Dar\u00fcber hinaus kann L-Glutamin das Risiko f\u00fcr Muskelkater und Steifheit senken und die Speicherung von Energie in den Muskeln erleichtern. Eine Zufuhr von L-Glutamin f\u00fcr hart arbeitende Hunde nach Anstrengung kann daher sinnvoll sein.<\/p>\n<p>&nbsp;<\/p>\n<h4>Beta-Alanin<\/h4>\n<p>Beta-Alanin (\u00df-Alanin) ist die Vorstufe des Peptids L-Carnosin, das vor allem im Muskel- und Nervengewebe vorkommt. Carnosin steigert die k\u00f6rperliche Leistungsf\u00e4higkeit, indem es einer \u00dcbers\u00e4uerung der Muskulatur entgegenwirkt, die \u00dcberm\u00fcdung hinausz\u00f6gert und die Kontraktionsf\u00e4higkeit des Muskels verbessert.<\/p>\n<p>&nbsp;<\/p>\n<h4>Von mir empfohlene Produkte f\u00fcr Hunde stammen von European Pet Pharmacy. \u00a0Da es f\u00fcr mich selbst beruflich und pers\u00f6nlich am wichtigsten ist, dass Hunde fit, vital und gesund sind, bleiben oder wieder werden, greife ich selbst zu diesen Produkten f\u00fcr meine Hunde. Ich kann dar\u00fcber hinaus aber auch nur jedem empfehlen die Produkte selbst zu testen und sich von ihrer Wirkung und super Vertr\u00e4glichkeit zu \u00fcberzeugen.<\/h4>\n<p>&nbsp;<\/p>\n<div id=\"attachment_195\" style=\"width: 442px\" class=\"wp-caption alignnone\"><a href=\"http:\/\/europeanpetpharmacy.de\/?ref=388\"><img loading=\"lazy\" decoding=\"async\" aria-describedby=\"caption-attachment-195\" class=\"wp-image-195\" src=\"http:\/\/dog-vital.com\/wp-content\/uploads\/2018\/05\/social-media-300x157.jpg\" alt=\"\" width=\"432\" height=\"226\" srcset=\"https:\/\/dog-vital.com\/wp-content\/uploads\/2018\/05\/social-media-300x157.jpg 300w, https:\/\/dog-vital.com\/wp-content\/uploads\/2018\/05\/social-media-768x401.jpg 768w, https:\/\/dog-vital.com\/wp-content\/uploads\/2018\/05\/social-media-1024x535.jpg 1024w, https:\/\/dog-vital.com\/wp-content\/uploads\/2018\/05\/social-media.jpg 1200w\" sizes=\"auto, (max-width: 432px) 100vw, 432px\" \/><\/a><p id=\"caption-attachment-195\" class=\"wp-caption-text\">Zum Shop<\/p><\/div>\n<p>&nbsp;<\/p>\n","protected":false},"excerpt":{"rendered":"<p>Viele Hundebesitzer geben ihren Hunden Nahrungserg\u00e4nzungsmittel oder denken dar\u00fcber nach Ihnen welche zu geben. Doch was bewirken ihre Inhaltsstoffe? Wof\u00fcr stehen die Abk\u00fcrzungen auf den Produkten? Dies m\u00f6chte ich an dieser Stelle kl\u00e4ren. MSM (Methylsulfanylmethan) Hierbei \u00a0handelt es sich um eine Schwefelverbindung. Diese Schwefelverbindung hat entz\u00fcndungs- und schmerzlindernde Eigenschaften. Diese Wirkung tritt zum Beispiel bei <a class=\"more-link\" href=\"https:\/\/dog-vital.com\/?page_id=188\">Weiterlesen <i class=\"fa fa-chevron-right\"><\/i><\/a><\/p>\n","protected":false},"author":1,"featured_media":0,"parent":0,"menu_order":0,"comment_status":"closed","ping_status":"closed","template":"","meta":{"footnotes":""},"class_list":["post-188","page","type-page","status-publish","hentry"],"yoast_head":"<!-- This site is optimized with the Yoast SEO plugin v26.6 - https:\/\/yoast.com\/wordpress\/plugins\/seo\/ -->\n<title>Nahrungserg\u00e4nzungsmittel - dog-vital.com<\/title>\n<meta name=\"robots\" content=\"index, follow, max-snippet:-1, max-image-preview:large, max-video-preview:-1\" \/>\n<link rel=\"canonical\" href=\"https:\/\/dog-vital.com\/?page_id=188\" \/>\n<meta property=\"og:locale\" content=\"de_DE\" \/>\n<meta property=\"og:type\" content=\"article\" \/>\n<meta property=\"og:title\" content=\"Nahrungserg\u00e4nzungsmittel - dog-vital.com\" \/>\n<meta property=\"og:description\" content=\"Viele Hundebesitzer geben ihren Hunden Nahrungserg\u00e4nzungsmittel oder denken dar\u00fcber nach Ihnen welche zu geben. Doch was bewirken ihre Inhaltsstoffe? Wof\u00fcr stehen die Abk\u00fcrzungen auf den Produkten? Dies m\u00f6chte ich an dieser Stelle kl\u00e4ren. MSM (Methylsulfanylmethan) Hierbei \u00a0handelt es sich um eine Schwefelverbindung. Diese Schwefelverbindung hat entz\u00fcndungs- und schmerzlindernde Eigenschaften. Diese Wirkung tritt zum Beispiel bei Weiterlesen\" \/>\n<meta property=\"og:url\" content=\"https:\/\/dog-vital.com\/?page_id=188\" \/>\n<meta property=\"og:site_name\" content=\"dog-vital.com\" \/>\n<meta property=\"article:modified_time\" content=\"2019-01-08T17:41:59+00:00\" \/>\n<meta property=\"og:image\" content=\"http:\/\/dog-vital.com\/wp-content\/uploads\/2018\/05\/social-media-300x157.jpg\" \/>\n<meta name=\"twitter:card\" content=\"summary_large_image\" \/>\n<meta name=\"twitter:label1\" content=\"Gesch\u00e4tzte Lesezeit\" \/>\n\t<meta name=\"twitter:data1\" content=\"3\u00a0Minuten\" \/>\n<script type=\"application\/ld+json\" class=\"yoast-schema-graph\">{\"@context\":\"https:\/\/schema.org\",\"@graph\":[{\"@type\":\"WebPage\",\"@id\":\"https:\/\/dog-vital.com\/?page_id=188\",\"url\":\"https:\/\/dog-vital.com\/?page_id=188\",\"name\":\"Nahrungserg\u00e4nzungsmittel - dog-vital.com\",\"isPartOf\":{\"@id\":\"https:\/\/dog-vital.com\/#website\"},\"primaryImageOfPage\":{\"@id\":\"https:\/\/dog-vital.com\/?page_id=188#primaryimage\"},\"image\":{\"@id\":\"https:\/\/dog-vital.com\/?page_id=188#primaryimage\"},\"thumbnailUrl\":\"http:\/\/dog-vital.com\/wp-content\/uploads\/2018\/05\/social-media-300x157.jpg\",\"datePublished\":\"2018-05-14T08:53:46+00:00\",\"dateModified\":\"2019-01-08T17:41:59+00:00\",\"breadcrumb\":{\"@id\":\"https:\/\/dog-vital.com\/?page_id=188#breadcrumb\"},\"inLanguage\":\"de\",\"potentialAction\":[{\"@type\":\"ReadAction\",\"target\":[\"https:\/\/dog-vital.com\/?page_id=188\"]}]},{\"@type\":\"ImageObject\",\"inLanguage\":\"de\",\"@id\":\"https:\/\/dog-vital.com\/?page_id=188#primaryimage\",\"url\":\"https:\/\/dog-vital.com\/wp-content\/uploads\/2018\/05\/social-media.jpg\",\"contentUrl\":\"https:\/\/dog-vital.com\/wp-content\/uploads\/2018\/05\/social-media.jpg\",\"width\":1200,\"height\":627},{\"@type\":\"BreadcrumbList\",\"@id\":\"https:\/\/dog-vital.com\/?page_id=188#breadcrumb\",\"itemListElement\":[{\"@type\":\"ListItem\",\"position\":1,\"name\":\"Start\",\"item\":\"https:\/\/dog-vital.com\/\"},{\"@type\":\"ListItem\",\"position\":2,\"name\":\"Nahrungserg\u00e4nzungsmittel\"}]},{\"@type\":\"WebSite\",\"@id\":\"https:\/\/dog-vital.com\/#website\",\"url\":\"https:\/\/dog-vital.com\/\",\"name\":\"dog-vital.com\",\"description\":\"\",\"potentialAction\":[{\"@type\":\"SearchAction\",\"target\":{\"@type\":\"EntryPoint\",\"urlTemplate\":\"https:\/\/dog-vital.com\/?s={search_term_string}\"},\"query-input\":{\"@type\":\"PropertyValueSpecification\",\"valueRequired\":true,\"valueName\":\"search_term_string\"}}],\"inLanguage\":\"de\"}]}<\/script>\n<!-- \/ Yoast SEO plugin. -->","yoast_head_json":{"title":"Nahrungserg\u00e4nzungsmittel - dog-vital.com","robots":{"index":"index","follow":"follow","max-snippet":"max-snippet:-1","max-image-preview":"max-image-preview:large","max-video-preview":"max-video-preview:-1"},"canonical":"https:\/\/dog-vital.com\/?page_id=188","og_locale":"de_DE","og_type":"article","og_title":"Nahrungserg\u00e4nzungsmittel - dog-vital.com","og_description":"Viele Hundebesitzer geben ihren Hunden Nahrungserg\u00e4nzungsmittel oder denken dar\u00fcber nach Ihnen welche zu geben. Doch was bewirken ihre Inhaltsstoffe? Wof\u00fcr stehen die Abk\u00fcrzungen auf den Produkten? Dies m\u00f6chte ich an dieser Stelle kl\u00e4ren. MSM (Methylsulfanylmethan) Hierbei \u00a0handelt es sich um eine Schwefelverbindung. Diese Schwefelverbindung hat entz\u00fcndungs- und schmerzlindernde Eigenschaften. Diese Wirkung tritt zum Beispiel bei Weiterlesen","og_url":"https:\/\/dog-vital.com\/?page_id=188","og_site_name":"dog-vital.com","article_modified_time":"2019-01-08T17:41:59+00:00","og_image":[{"url":"http:\/\/dog-vital.com\/wp-content\/uploads\/2018\/05\/social-media-300x157.jpg","type":"","width":"","height":""}],"twitter_card":"summary_large_image","twitter_misc":{"Gesch\u00e4tzte Lesezeit":"3\u00a0Minuten"},"schema":{"@context":"https:\/\/schema.org","@graph":[{"@type":"WebPage","@id":"https:\/\/dog-vital.com\/?page_id=188","url":"https:\/\/dog-vital.com\/?page_id=188","name":"Nahrungserg\u00e4nzungsmittel - dog-vital.com","isPartOf":{"@id":"https:\/\/dog-vital.com\/#website"},"primaryImageOfPage":{"@id":"https:\/\/dog-vital.com\/?page_id=188#primaryimage"},"image":{"@id":"https:\/\/dog-vital.com\/?page_id=188#primaryimage"},"thumbnailUrl":"http:\/\/dog-vital.com\/wp-content\/uploads\/2018\/05\/social-media-300x157.jpg","datePublished":"2018-05-14T08:53:46+00:00","dateModified":"2019-01-08T17:41:59+00:00","breadcrumb":{"@id":"https:\/\/dog-vital.com\/?page_id=188#breadcrumb"},"inLanguage":"de","potentialAction":[{"@type":"ReadAction","target":["https:\/\/dog-vital.com\/?page_id=188"]}]},{"@type":"ImageObject","inLanguage":"de","@id":"https:\/\/dog-vital.com\/?page_id=188#primaryimage","url":"https:\/\/dog-vital.com\/wp-content\/uploads\/2018\/05\/social-media.jpg","contentUrl":"https:\/\/dog-vital.com\/wp-content\/uploads\/2018\/05\/social-media.jpg","width":1200,"height":627},{"@type":"BreadcrumbList","@id":"https:\/\/dog-vital.com\/?page_id=188#breadcrumb","itemListElement":[{"@type":"ListItem","position":1,"name":"Start","item":"https:\/\/dog-vital.com\/"},{"@type":"ListItem","position":2,"name":"Nahrungserg\u00e4nzungsmittel"}]},{"@type":"WebSite","@id":"https:\/\/dog-vital.com\/#website","url":"https:\/\/dog-vital.com\/","name":"dog-vital.com","description":"","potentialAction":[{"@type":"SearchAction","target":{"@type":"EntryPoint","urlTemplate":"https:\/\/dog-vital.com\/?s={search_term_string}"},"query-input":{"@type":"PropertyValueSpecification","valueRequired":true,"valueName":"search_term_string"}}],"inLanguage":"de"}]}},"_links":{"self":[{"href":"https:\/\/dog-vital.com\/index.php?rest_route=\/wp\/v2\/pages\/188","targetHints":{"allow":["GET"]}}],"collection":[{"href":"https:\/\/dog-vital.com\/index.php?rest_route=\/wp\/v2\/pages"}],"about":[{"href":"https:\/\/dog-vital.com\/index.php?rest_route=\/wp\/v2\/types\/page"}],"author":[{"embeddable":true,"href":"https:\/\/dog-vital.com\/index.php?rest_route=\/wp\/v2\/users\/1"}],"replies":[{"embeddable":true,"href":"https:\/\/dog-vital.com\/index.php?rest_route=%2Fwp%2Fv2%2Fcomments&post=188"}],"version-history":[{"count":14,"href":"https:\/\/dog-vital.com\/index.php?rest_route=\/wp\/v2\/pages\/188\/revisions"}],"predecessor-version":[{"id":211,"href":"https:\/\/dog-vital.com\/index.php?rest_route=\/wp\/v2\/pages\/188\/revisions\/211"}],"wp:attachment":[{"href":"https:\/\/dog-vital.com\/index.php?rest_route=%2Fwp%2Fv2%2Fmedia&parent=188"}],"curies":[{"name":"wp","href":"https:\/\/api.w.org\/{rel}","templated":true}]}}