{"id":179,"date":"2018-02-28T09:38:20","date_gmt":"2018-02-28T09:38:20","guid":{"rendered":"http:\/\/dog-vital.com\/?page_id=179"},"modified":"2018-09-04T19:02:04","modified_gmt":"2018-09-04T19:02:04","slug":"taping","status":"publish","type":"page","link":"https:\/\/dog-vital.com\/?page_id=179","title":{"rendered":"Kinesiologisches Taping"},"content":{"rendered":"<p>Anfang der 80er Jahre wurde das Kinesiologische Tappig durch den Japaner Dr. Kenzo K\u00e4se entwickelt und seitdem stetig verbessert.<\/p>\n<p>Das Kinesiologosche Tappig hat hierbei viele Wirkungsbereiche. Es kann Einfluss auf die Muskelfunktion genommen und eine verbesserte Mikrozirkulation hervorgerufen werden. Das lymphatische System wird aktiviert, genauso wie das Schmerzd\u00e4mpfungssystem. Zudem kann die Gelenkfunktion unterst\u00fctzt werden und Einfluss auf die inneren Organe genommen werden.<\/p>\n<p>Eingesetzt werden kann das Kinesiologische Tapping unter anderem in folgenden Bereichen:<\/p>\n<ul>\n<li>Wirbels\u00e4ulenprobleme, HWS-, BWS-, LWS-Syndrom<\/li>\n<li>Arthrosen, Spondylosen<\/li>\n<li>Posttraumatisch (Luxationen, Distorsionen)<\/li>\n<li>Postoperativ (H\u00fcftgelenk, Knie, Bandscheiben)<\/li>\n<li>Lahmheit, Ataxie<\/li>\n<li>Muskul\u00e4re Dysbalancen, Muskelatrophie<\/li>\n<li>Schmerzhafte Muskelverspannungen<\/li>\n<li>Narbenbehandlung<\/li>\n<li>Schmerzen<\/li>\n<li>Pr\u00e4vention<\/li>\n<li>Leistungssteigerung<\/li>\n<\/ul>\n<p>Physio- oder Kinesiologische Tapes gibt es in vielen unterschiedlichen Farben. Die Farben sollen einen positiven Effekt auf die Regeneration des K\u00f6rpers nehmen. Jeder Farbe werden spezifische Eigenschaften zugeordnet, die den Heilungsprozess unterschiedlich beeinflussen.<\/p>\n<ul>\n<li><strong>Beige, Schwarz und Wei\u00df \u2013 Neutralit\u00e4t<\/strong><br \/>\nDiese Farben eignen sich zur Anwendung in allen schmerzhaften Bereichen.<\/li>\n<li><strong>Gr\u00fcn \u2013 Heilung und Regeneration <\/strong><br \/>\nGr\u00fcn hilft bei beeintr\u00e4chtigter Funktion von Nerven.<\/li>\n<li><strong>Rot \u2013 Lebenskraft und Energie<\/strong><br \/>\nRot w\u00e4rmt und regt den Stoffwechsel an.<\/li>\n<li><strong>Blau \u2013 Frische und Entspannung<\/strong><br \/>\nBlau k\u00fchlt, erfrischt und entspannt Muskulatur und Nerven.<\/li>\n<li><strong>Orange \u2013 Energie und Kraft<\/strong><br \/>\nOrange spendet W\u00e4rme und kr\u00e4ftigt den Fluss der inneren Energie.<\/li>\n<li><strong>Gelb \u2013 Helligkeit und Leichtigkeit<\/strong><br \/>\nGelb hilft bei Entz\u00fcndungen und st\u00e4rkt das Immunsystem.<\/li>\n<li><strong>Violett \u2013 Ruhe und Ausgleich<\/strong><br \/>\n\u00c4hnlich dem Blau, k\u00fchlt Violett und f\u00f6rdert die Regeneration.<\/li>\n<\/ul>\n<p><span style=\"color: #800080;\"><em>&#8222;Wird demn\u00e4chst angeboten&#8220;<\/em><\/span><\/p>\n<p>[metaslider id=353]<\/p>\n","protected":false},"excerpt":{"rendered":"<p>Anfang der 80er Jahre wurde das Kinesiologische Tappig durch den Japaner Dr. Kenzo K\u00e4se entwickelt und seitdem stetig verbessert. Das Kinesiologosche Tappig hat hierbei viele Wirkungsbereiche. Es kann Einfluss auf die Muskelfunktion genommen und eine verbesserte Mikrozirkulation hervorgerufen werden. Das lymphatische System wird aktiviert, genauso wie das Schmerzd\u00e4mpfungssystem. Zudem kann die Gelenkfunktion unterst\u00fctzt werden und <a class=\"more-link\" href=\"https:\/\/dog-vital.com\/?page_id=179\">Weiterlesen <i class=\"fa fa-chevron-right\"><\/i><\/a><\/p>\n","protected":false},"author":1,"featured_media":0,"parent":0,"menu_order":0,"comment_status":"closed","ping_status":"closed","template":"","meta":{"footnotes":""},"class_list":["post-179","page","type-page","status-publish","hentry"],"yoast_head":"<!-- This site is optimized with the Yoast SEO plugin v26.6 - https:\/\/yoast.com\/wordpress\/plugins\/seo\/ -->\n<title>Kinesiologisches Taping - dog-vital.com<\/title>\n<meta name=\"robots\" content=\"index, follow, max-snippet:-1, max-image-preview:large, max-video-preview:-1\" \/>\n<link rel=\"canonical\" href=\"https:\/\/dog-vital.com\/?page_id=179\" \/>\n<meta property=\"og:locale\" content=\"de_DE\" \/>\n<meta property=\"og:type\" content=\"article\" \/>\n<meta property=\"og:title\" content=\"Kinesiologisches Taping - dog-vital.com\" \/>\n<meta property=\"og:description\" content=\"Anfang der 80er Jahre wurde das Kinesiologische Tappig durch den Japaner Dr. Kenzo K\u00e4se entwickelt und seitdem stetig verbessert. Das Kinesiologosche Tappig hat hierbei viele Wirkungsbereiche. Es kann Einfluss auf die Muskelfunktion genommen und eine verbesserte Mikrozirkulation hervorgerufen werden. Das lymphatische System wird aktiviert, genauso wie das Schmerzd\u00e4mpfungssystem. Zudem kann die Gelenkfunktion unterst\u00fctzt werden und Weiterlesen\" \/>\n<meta property=\"og:url\" content=\"https:\/\/dog-vital.com\/?page_id=179\" \/>\n<meta property=\"og:site_name\" content=\"dog-vital.com\" \/>\n<meta property=\"article:modified_time\" content=\"2018-09-04T19:02:04+00:00\" \/>\n<meta name=\"twitter:card\" content=\"summary_large_image\" \/>\n<meta name=\"twitter:label1\" content=\"Gesch\u00e4tzte Lesezeit\" \/>\n\t<meta name=\"twitter:data1\" content=\"1\u00a0Minute\" \/>\n<script type=\"application\/ld+json\" class=\"yoast-schema-graph\">{\"@context\":\"https:\/\/schema.org\",\"@graph\":[{\"@type\":\"WebPage\",\"@id\":\"https:\/\/dog-vital.com\/?page_id=179\",\"url\":\"https:\/\/dog-vital.com\/?page_id=179\",\"name\":\"Kinesiologisches Taping - dog-vital.com\",\"isPartOf\":{\"@id\":\"https:\/\/dog-vital.com\/#website\"},\"datePublished\":\"2018-02-28T09:38:20+00:00\",\"dateModified\":\"2018-09-04T19:02:04+00:00\",\"breadcrumb\":{\"@id\":\"https:\/\/dog-vital.com\/?page_id=179#breadcrumb\"},\"inLanguage\":\"de\",\"potentialAction\":[{\"@type\":\"ReadAction\",\"target\":[\"https:\/\/dog-vital.com\/?page_id=179\"]}]},{\"@type\":\"BreadcrumbList\",\"@id\":\"https:\/\/dog-vital.com\/?page_id=179#breadcrumb\",\"itemListElement\":[{\"@type\":\"ListItem\",\"position\":1,\"name\":\"Start\",\"item\":\"https:\/\/dog-vital.com\/\"},{\"@type\":\"ListItem\",\"position\":2,\"name\":\"Kinesiologisches Taping\"}]},{\"@type\":\"WebSite\",\"@id\":\"https:\/\/dog-vital.com\/#website\",\"url\":\"https:\/\/dog-vital.com\/\",\"name\":\"dog-vital.com\",\"description\":\"\",\"potentialAction\":[{\"@type\":\"SearchAction\",\"target\":{\"@type\":\"EntryPoint\",\"urlTemplate\":\"https:\/\/dog-vital.com\/?s={search_term_string}\"},\"query-input\":{\"@type\":\"PropertyValueSpecification\",\"valueRequired\":true,\"valueName\":\"search_term_string\"}}],\"inLanguage\":\"de\"}]}<\/script>\n<!-- \/ Yoast SEO plugin. -->","yoast_head_json":{"title":"Kinesiologisches Taping - dog-vital.com","robots":{"index":"index","follow":"follow","max-snippet":"max-snippet:-1","max-image-preview":"max-image-preview:large","max-video-preview":"max-video-preview:-1"},"canonical":"https:\/\/dog-vital.com\/?page_id=179","og_locale":"de_DE","og_type":"article","og_title":"Kinesiologisches Taping - dog-vital.com","og_description":"Anfang der 80er Jahre wurde das Kinesiologische Tappig durch den Japaner Dr. Kenzo K\u00e4se entwickelt und seitdem stetig verbessert. Das Kinesiologosche Tappig hat hierbei viele Wirkungsbereiche. Es kann Einfluss auf die Muskelfunktion genommen und eine verbesserte Mikrozirkulation hervorgerufen werden. Das lymphatische System wird aktiviert, genauso wie das Schmerzd\u00e4mpfungssystem. Zudem kann die Gelenkfunktion unterst\u00fctzt werden und Weiterlesen","og_url":"https:\/\/dog-vital.com\/?page_id=179","og_site_name":"dog-vital.com","article_modified_time":"2018-09-04T19:02:04+00:00","twitter_card":"summary_large_image","twitter_misc":{"Gesch\u00e4tzte Lesezeit":"1\u00a0Minute"},"schema":{"@context":"https:\/\/schema.org","@graph":[{"@type":"WebPage","@id":"https:\/\/dog-vital.com\/?page_id=179","url":"https:\/\/dog-vital.com\/?page_id=179","name":"Kinesiologisches Taping - dog-vital.com","isPartOf":{"@id":"https:\/\/dog-vital.com\/#website"},"datePublished":"2018-02-28T09:38:20+00:00","dateModified":"2018-09-04T19:02:04+00:00","breadcrumb":{"@id":"https:\/\/dog-vital.com\/?page_id=179#breadcrumb"},"inLanguage":"de","potentialAction":[{"@type":"ReadAction","target":["https:\/\/dog-vital.com\/?page_id=179"]}]},{"@type":"BreadcrumbList","@id":"https:\/\/dog-vital.com\/?page_id=179#breadcrumb","itemListElement":[{"@type":"ListItem","position":1,"name":"Start","item":"https:\/\/dog-vital.com\/"},{"@type":"ListItem","position":2,"name":"Kinesiologisches Taping"}]},{"@type":"WebSite","@id":"https:\/\/dog-vital.com\/#website","url":"https:\/\/dog-vital.com\/","name":"dog-vital.com","description":"","potentialAction":[{"@type":"SearchAction","target":{"@type":"EntryPoint","urlTemplate":"https:\/\/dog-vital.com\/?s={search_term_string}"},"query-input":{"@type":"PropertyValueSpecification","valueRequired":true,"valueName":"search_term_string"}}],"inLanguage":"de"}]}},"_links":{"self":[{"href":"https:\/\/dog-vital.com\/index.php?rest_route=\/wp\/v2\/pages\/179","targetHints":{"allow":["GET"]}}],"collection":[{"href":"https:\/\/dog-vital.com\/index.php?rest_route=\/wp\/v2\/pages"}],"about":[{"href":"https:\/\/dog-vital.com\/index.php?rest_route=\/wp\/v2\/types\/page"}],"author":[{"embeddable":true,"href":"https:\/\/dog-vital.com\/index.php?rest_route=\/wp\/v2\/users\/1"}],"replies":[{"embeddable":true,"href":"https:\/\/dog-vital.com\/index.php?rest_route=%2Fwp%2Fv2%2Fcomments&post=179"}],"version-history":[{"count":4,"href":"https:\/\/dog-vital.com\/index.php?rest_route=\/wp\/v2\/pages\/179\/revisions"}],"predecessor-version":[{"id":360,"href":"https:\/\/dog-vital.com\/index.php?rest_route=\/wp\/v2\/pages\/179\/revisions\/360"}],"wp:attachment":[{"href":"https:\/\/dog-vital.com\/index.php?rest_route=%2Fwp%2Fv2%2Fmedia&parent=179"}],"curies":[{"name":"wp","href":"https:\/\/api.w.org\/{rel}","templated":true}]}}